{"id":13452,"date":"2024-03-11T15:28:02","date_gmt":"2024-03-11T14:28:02","guid":{"rendered":"https:\/\/www.charmig.nl\/?post_type=product&#038;p=13452"},"modified":"2026-02-24T09:01:28","modified_gmt":"2026-02-24T08:01:28","slug":"vintage-deens-dressoir-tv-meubel-omann-jun-120-cm-2","status":"publish","type":"product","link":"https:\/\/www.charmig.nl\/fr\/produit\/archives\/vintage-deens-dressoir-tv-meubel-omann-jun-120-cm-2\/","title":{"rendered":"Buffet vintage danois | meuble TV | Omann Jun | 120 cm"},"content":{"rendered":"","protected":false},"excerpt":{"rendered":"Num\u00e9ro d'article : 211116\r\n\r\nFantastique buffet vintage, qui s'int\u00e8gre parfaitement dans diff\u00e9rents styles d'int\u00e9rieur ! Ce meuble en teck a \u00e9t\u00e9 fabriqu\u00e9 par Omann Jun au Danemark. Un design \u00e9pur\u00e9 avec des portes sans poign\u00e9es et une belle couleur chaude. Une taille parfaite pour utiliser ce buffet comme meuble TV vintage.\r\n\r\nP\u00e9riode de cr\u00e9ation : 1960-1970\r\nStyle : moderne du milieu du si\u00e8cle, design danois\r\nMat\u00e9riau : Teck\r\nCondition : En bon \u00e9tat, d\u00e9coloration sur le dessus.\r\nDesigner : Omann Jun\r\n\r\nLes dimensions\r\nLargeur : 120 cm\r\nProfondeur : 43 cm\r\nHauteur : 79 cm","protected":false},"featured_media":13453,"template":"","meta":{"_acf_changed":false},"product_brand":[],"product_cat":[103],"product_tag":[],"class_list":{"0":"post-13452","1":"product","2":"type-product","3":"status-publish","4":"has-post-thumbnail","6":"product_cat-archief","7":"product_shipping_class-koerier","9":"first","10":"outofstock","11":"shipping-taxable","12":"product-type-simple"},"composite_virtual":false,"composite_layout":"","composite_add_to_cart_form_location":"","composite_editable_in_cart":false,"composite_sold_individually_context":"","composite_shop_price_calc":"","composite_components":[],"composite_scenarios":[],"exclude_global_add_ons":[],"addons":[],"acf":[],"yoast_head":null,"yoast_head_json":null,"_links":{"self":[{"href":"https:\/\/www.charmig.nl\/fr\/wp-json\/wp\/v2\/product\/13452","targetHints":{"allow":["GET"]}}],"collection":[{"href":"https:\/\/www.charmig.nl\/fr\/wp-json\/wp\/v2\/product"}],"about":[{"href":"https:\/\/www.charmig.nl\/fr\/wp-json\/wp\/v2\/types\/product"}],"wp:featuredmedia":[{"embeddable":true,"href":"https:\/\/www.charmig.nl\/fr\/wp-json\/wp\/v2\/media\/13453"}],"wp:attachment":[{"href":"https:\/\/www.charmig.nl\/fr\/wp-json\/wp\/v2\/media?parent=13452"}],"wp:term":[{"taxonomy":"product_brand","embeddable":true,"href":"https:\/\/www.charmig.nl\/fr\/wp-json\/wp\/v2\/product_brand?post=13452"},{"taxonomy":"product_cat","embeddable":true,"href":"https:\/\/www.charmig.nl\/fr\/wp-json\/wp\/v2\/product_cat?post=13452"},{"taxonomy":"product_tag","embeddable":true,"href":"https:\/\/www.charmig.nl\/fr\/wp-json\/wp\/v2\/product_tag?post=13452"}],"curies":[{"name":"wp","href":"https:\/\/api.w.org\/{rel}","templated":true}]}}