{"id":13469,"date":"2024-03-11T15:48:07","date_gmt":"2024-03-11T14:48:07","guid":{"rendered":"https:\/\/www.charmig.nl\/?post_type=product&#038;p=13469"},"modified":"2026-04-23T09:36:07","modified_gmt":"2026-04-23T07:36:07","slug":"vintage-highboard-zeer-diepe-kast-teak-heinrich-riestenpatt","status":"publish","type":"product","link":"https:\/\/www.charmig.nl\/fr\/product\/archief\/vintage-highboard-zeer-diepe-kast-teak-heinrich-riestenpatt\/","title":{"rendered":"Meuble haut vintage | Meuble tr\u00e8s profond | Teck | Heinrich Riestenpatt"},"content":{"rendered":"","protected":false},"excerpt":{"rendered":"Num\u00e9ro d'article : 211110\r\n\r\nPour cette armoire murale vintage, nous avons imm\u00e9diatement pens\u00e9 \u00e0 la placer dans un espace cr\u00e9atif, comme pour les artistes, les dessinateurs, les peintres. Ou pourquoi pas une armoire pour un espace de travail ou une boutique en ligne ?\r\n\r\nFabriqu\u00e9 par Heinrich Riestenpatt en Allemagne, ce meuble haut vintage est parfait pour ranger de nombreux objets. Le meuble bas est incroyablement profond (80 cm). Affiches et dessins y trouvent facilement leur place.\r\n\r\nL'armoire sup\u00e9rieure a 2 portes. L'armoire murale vintage est tr\u00e8s \u00e9l\u00e9gante gr\u00e2ce \u00e0 ses finitions ; les poign\u00e9es en bois lui donnent un aspect incroyablement beau. L'armoire est compos\u00e9e de deux parties et poss\u00e8de de nouveaux pieds en \u00e9pingle \u00e0 cheveux en m\u00e9tal noir.\r\n\r\nP\u00e9riode de conception : 1950-1960\r\nStyle : Mid century modern\r\nMat\u00e9riau : Teck\r\nCondition : En bon \u00e9tat. 2 petits trous sur le dessus, restes de peinture sur le c\u00f4t\u00e9 gauche.\r\nMarque : Heinrich Riestenpatt\r\n\r\nDimensions : Hauteur : 163 cm :\r\nHauteur : 163 cm\r\nLargeur : 80 cm\r\nProfondeur : El\u00e9ment bas : 80 cm\r\nArmoire sup\u00e9rieure : 33 cm","protected":false},"featured_media":13474,"template":"","meta":{"_acf_changed":false},"product_brand":[],"product_cat":[103],"product_tag":[],"class_list":{"0":"post-13469","1":"product","2":"type-product","3":"status-publish","4":"has-post-thumbnail","6":"product_cat-archief","7":"product_shipping_class-koerier","9":"first","10":"outofstock","11":"shipping-taxable","12":"product-type-simple"},"composite_virtual":false,"composite_layout":"","composite_add_to_cart_form_location":"","composite_editable_in_cart":false,"composite_sold_individually_context":"","composite_shop_price_calc":"","composite_components":[],"composite_scenarios":[],"exclude_global_add_ons":[],"addons":[],"acf":[],"yoast_head":null,"yoast_head_json":null,"_links":{"self":[{"href":"https:\/\/www.charmig.nl\/fr\/wp-json\/wp\/v2\/product\/13469","targetHints":{"allow":["GET"]}}],"collection":[{"href":"https:\/\/www.charmig.nl\/fr\/wp-json\/wp\/v2\/product"}],"about":[{"href":"https:\/\/www.charmig.nl\/fr\/wp-json\/wp\/v2\/types\/product"}],"wp:featuredmedia":[{"embeddable":true,"href":"https:\/\/www.charmig.nl\/fr\/wp-json\/wp\/v2\/media\/13474"}],"wp:attachment":[{"href":"https:\/\/www.charmig.nl\/fr\/wp-json\/wp\/v2\/media?parent=13469"}],"wp:term":[{"taxonomy":"product_brand","embeddable":true,"href":"https:\/\/www.charmig.nl\/fr\/wp-json\/wp\/v2\/product_brand?post=13469"},{"taxonomy":"product_cat","embeddable":true,"href":"https:\/\/www.charmig.nl\/fr\/wp-json\/wp\/v2\/product_cat?post=13469"},{"taxonomy":"product_tag","embeddable":true,"href":"https:\/\/www.charmig.nl\/fr\/wp-json\/wp\/v2\/product_tag?post=13469"}],"curies":[{"name":"wp","href":"https:\/\/api.w.org\/{rel}","templated":true}]}}