{"id":13515,"date":"2024-03-11T16:38:01","date_gmt":"2024-03-11T15:38:01","guid":{"rendered":"https:\/\/www.charmig.nl\/?post_type=product&#038;p=13515"},"modified":"2026-04-23T09:36:07","modified_gmt":"2026-04-23T07:36:07","slug":"vintage-salontafel-rond-rohe-noordwolde-rotan","status":"publish","type":"product","link":"https:\/\/www.charmig.nl\/fr\/produit\/archives\/vintage-salontafel-rond-rohe-noordwolde-rotan\/","title":{"rendered":"Table basse vintage | Ronde | Roh\u00e9 Noordwolde | Rotin"},"content":{"rendered":"","protected":false},"excerpt":{"rendered":"Num\u00e9ro d'article : 211139\r\n\r\nCette magnifique table basse ronde a \u00e9t\u00e9 con\u00e7ue par Rudolf Wolf pour Roh\u00e9 Noordwolde. La table basse vintage a un plateau en verre et un panier de lecture en rotin en dessous. Une table basse confortable et amusante qui s'adapte \u00e0 de nombreux styles d'int\u00e9rieur.\r\n\r\nP\u00e9riode de conception : 1960 - 1970\r\nStyle : moderne du milieu du si\u00e8cle - design hollandais\r\nMat\u00e9riau : Verre, m\u00e9tal, rotin\r\nCondition : En condition vintage, le verre a une petite bosse (voir photo) et quelques \u00e9gratignures qui correspondent \u00e0 son \u00e2ge.\r\nDesigner : Rudolf Wolf\r\nMarque : Roh\u00e9 Noordwolde\r\n\r\nDimensions : Diam\u00e8tre : 94 cm\r\nDiam\u00e8tre : 94 cm\r\nHauteur : 35 cm","protected":false},"featured_media":13524,"template":"","meta":{"_acf_changed":false},"product_brand":[],"product_cat":[103],"product_tag":[],"class_list":{"0":"post-13515","1":"product","2":"type-product","3":"status-publish","4":"has-post-thumbnail","6":"product_cat-archief","7":"product_shipping_class-koerier","9":"first","10":"outofstock","11":"shipping-taxable","12":"product-type-simple"},"composite_virtual":false,"composite_layout":"","composite_add_to_cart_form_location":"","composite_editable_in_cart":false,"composite_sold_individually_context":"","composite_shop_price_calc":"","composite_components":[],"composite_scenarios":[],"exclude_global_add_ons":[],"addons":[],"acf":[],"yoast_head":null,"yoast_head_json":null,"_links":{"self":[{"href":"https:\/\/www.charmig.nl\/fr\/wp-json\/wp\/v2\/product\/13515","targetHints":{"allow":["GET"]}}],"collection":[{"href":"https:\/\/www.charmig.nl\/fr\/wp-json\/wp\/v2\/product"}],"about":[{"href":"https:\/\/www.charmig.nl\/fr\/wp-json\/wp\/v2\/types\/product"}],"wp:featuredmedia":[{"embeddable":true,"href":"https:\/\/www.charmig.nl\/fr\/wp-json\/wp\/v2\/media\/13524"}],"wp:attachment":[{"href":"https:\/\/www.charmig.nl\/fr\/wp-json\/wp\/v2\/media?parent=13515"}],"wp:term":[{"taxonomy":"product_brand","embeddable":true,"href":"https:\/\/www.charmig.nl\/fr\/wp-json\/wp\/v2\/product_brand?post=13515"},{"taxonomy":"product_cat","embeddable":true,"href":"https:\/\/www.charmig.nl\/fr\/wp-json\/wp\/v2\/product_cat?post=13515"},{"taxonomy":"product_tag","embeddable":true,"href":"https:\/\/www.charmig.nl\/fr\/wp-json\/wp\/v2\/product_tag?post=13515"}],"curies":[{"name":"wp","href":"https:\/\/api.w.org\/{rel}","templated":true}]}}