{"id":13572,"date":"2024-03-14T10:52:20","date_gmt":"2024-03-14T09:52:20","guid":{"rendered":"https:\/\/www.charmig.nl\/?post_type=product&#038;p=13572"},"modified":"2026-04-23T09:36:07","modified_gmt":"2026-04-23T07:36:07","slug":"vintage-dressoir-xl-notenhout-230-cm","status":"publish","type":"product","link":"https:\/\/www.charmig.nl\/fr\/produit\/archives\/vintage-dressoir-xl-notenhout-230-cm\/","title":{"rendered":"Buffet vintage | XL | noyer | 230 cm"},"content":{"rendered":"","protected":false},"excerpt":{"rendered":"Num\u00e9ro d'article : 211142\r\n\r\nGr\u00e2ce \u00e0 la belle couleur chaude et aux d\u00e9tails en laiton de ce buffet vintage, il s'agit d'une armoire \u00e9l\u00e9gante et unique qui s'adaptera \u00e0 diff\u00e9rents styles d'int\u00e9rieur. Le buffet vintage offre un grand espace de rangement pratique gr\u00e2ce \u00e0 ses 3 portes ouvrantes. Sur le c\u00f4t\u00e9 gauche du buffet vintage, vous trouverez 4 tiroirs.\r\n\r\nP\u00e9riode de conception : 1950-1960\r\nStyle : Vintage, moderne du milieu du si\u00e8cle\r\nCondition : En bon \u00e9tat ; la laque pr\u00e9sente quelques craquelures.\r\nDesigner : Inconnu\r\n\r\nDimensions : Largeur : 230 cm\r\nLargeur : 230 cm\r\nProfondeur : 48 cm\r\nHauteur : 82 cm","protected":false},"featured_media":13573,"template":"","meta":{"_acf_changed":false},"product_brand":[],"product_cat":[103],"product_tag":[],"class_list":{"0":"post-13572","1":"product","2":"type-product","3":"status-publish","4":"has-post-thumbnail","6":"product_cat-archief","7":"product_shipping_class-koerier","9":"first","10":"outofstock","11":"shipping-taxable","12":"product-type-simple"},"composite_virtual":false,"composite_layout":"","composite_add_to_cart_form_location":"","composite_editable_in_cart":false,"composite_sold_individually_context":"","composite_shop_price_calc":"","composite_components":[],"composite_scenarios":[],"exclude_global_add_ons":[],"addons":[],"acf":[],"yoast_head":null,"yoast_head_json":null,"_links":{"self":[{"href":"https:\/\/www.charmig.nl\/fr\/wp-json\/wp\/v2\/product\/13572","targetHints":{"allow":["GET"]}}],"collection":[{"href":"https:\/\/www.charmig.nl\/fr\/wp-json\/wp\/v2\/product"}],"about":[{"href":"https:\/\/www.charmig.nl\/fr\/wp-json\/wp\/v2\/types\/product"}],"wp:featuredmedia":[{"embeddable":true,"href":"https:\/\/www.charmig.nl\/fr\/wp-json\/wp\/v2\/media\/13573"}],"wp:attachment":[{"href":"https:\/\/www.charmig.nl\/fr\/wp-json\/wp\/v2\/media?parent=13572"}],"wp:term":[{"taxonomy":"product_brand","embeddable":true,"href":"https:\/\/www.charmig.nl\/fr\/wp-json\/wp\/v2\/product_brand?post=13572"},{"taxonomy":"product_cat","embeddable":true,"href":"https:\/\/www.charmig.nl\/fr\/wp-json\/wp\/v2\/product_cat?post=13572"},{"taxonomy":"product_tag","embeddable":true,"href":"https:\/\/www.charmig.nl\/fr\/wp-json\/wp\/v2\/product_tag?post=13572"}],"curies":[{"name":"wp","href":"https:\/\/api.w.org\/{rel}","templated":true}]}}