{"id":13652,"date":"2024-03-25T13:59:11","date_gmt":"2024-03-25T12:59:11","guid":{"rendered":"https:\/\/www.charmig.nl\/?post_type=product&#038;p=13652"},"modified":"2026-02-24T09:01:29","modified_gmt":"2026-02-24T08:01:29","slug":"vintage-dressoir-teak-heinrich-riestenpatt-150-cm-2","status":"publish","type":"product","link":"https:\/\/www.charmig.nl\/fr\/produit\/archives\/vintage-dressoir-teak-heinrich-riestenpatt-150-cm-2\/","title":{"rendered":"Buffet vintage | Teck | Heinrich Riestenpatt | 150 cm"},"content":{"rendered":"","protected":false},"excerpt":{"rendered":"Num\u00e9ro d'article : 211109\r\n\r\nCe buffet vintage est fini dans une belle et chaude couleur de teck. Le meuble a \u00e9t\u00e9 con\u00e7u par Heinrich Riestenpatt en Allemagne. Le design de ce meuble se distingue par ses bords arrondis. L'armoire a 3 portes et est donc tr\u00e8s pratique. Compar\u00e9e \u00e0 de nombreux buffets, cette armoire est \u00e9troite, ce qui la rend tr\u00e8s utile comme meuble TV ou comme armoire dans un espace plus \u00e9troit.\r\n\r\nP\u00e9riode de cr\u00e9ation : 1960 - 1970\r\nStyle : moderne du milieu du si\u00e8cle\r\nMat\u00e9riau : Teck\r\n\u00c9tat : Tr\u00e8s bon \u00e9tat vintage, petits trous bouch\u00e9s sur le c\u00f4t\u00e9 gauche\r\nDesigner : Heinrich Riestenpatt\r\n\r\nDimensions : Largeur : 150 cm\r\nLargeur : 150 cm\r\nProfondeur : 33 cm\r\nHauteur : 77 cm","protected":false},"featured_media":13653,"template":"","meta":{"_acf_changed":false},"product_brand":[],"product_cat":[103],"product_tag":[],"class_list":{"0":"post-13652","1":"product","2":"type-product","3":"status-publish","4":"has-post-thumbnail","6":"product_cat-archief","7":"product_shipping_class-koerier","9":"first","10":"outofstock","11":"shipping-taxable","12":"product-type-simple"},"composite_virtual":false,"composite_layout":"","composite_add_to_cart_form_location":"","composite_editable_in_cart":false,"composite_sold_individually_context":"","composite_shop_price_calc":"","composite_components":[],"composite_scenarios":[],"exclude_global_add_ons":[],"addons":[],"acf":[],"yoast_head":null,"yoast_head_json":null,"_links":{"self":[{"href":"https:\/\/www.charmig.nl\/fr\/wp-json\/wp\/v2\/product\/13652","targetHints":{"allow":["GET"]}}],"collection":[{"href":"https:\/\/www.charmig.nl\/fr\/wp-json\/wp\/v2\/product"}],"about":[{"href":"https:\/\/www.charmig.nl\/fr\/wp-json\/wp\/v2\/types\/product"}],"wp:featuredmedia":[{"embeddable":true,"href":"https:\/\/www.charmig.nl\/fr\/wp-json\/wp\/v2\/media\/13653"}],"wp:attachment":[{"href":"https:\/\/www.charmig.nl\/fr\/wp-json\/wp\/v2\/media?parent=13652"}],"wp:term":[{"taxonomy":"product_brand","embeddable":true,"href":"https:\/\/www.charmig.nl\/fr\/wp-json\/wp\/v2\/product_brand?post=13652"},{"taxonomy":"product_cat","embeddable":true,"href":"https:\/\/www.charmig.nl\/fr\/wp-json\/wp\/v2\/product_cat?post=13652"},{"taxonomy":"product_tag","embeddable":true,"href":"https:\/\/www.charmig.nl\/fr\/wp-json\/wp\/v2\/product_tag?post=13652"}],"curies":[{"name":"wp","href":"https:\/\/api.w.org\/{rel}","templated":true}]}}