{"id":13668,"date":"2024-03-25T14:08:18","date_gmt":"2024-03-25T13:08:18","guid":{"rendered":"https:\/\/www.charmig.nl\/?post_type=product&#038;p=13668"},"modified":"2026-04-23T09:36:08","modified_gmt":"2026-04-23T07:36:08","slug":"vintage-dressoir-teak-240-cm","status":"publish","type":"product","link":"https:\/\/www.charmig.nl\/fr\/product\/archief\/vintage-dressoir-teak-240-cm\/","title":{"rendered":"Buffet vintage | Teck | 240 cm"},"content":{"rendered":"","protected":false},"excerpt":{"rendered":"Num\u00e9ro d'article : 211152\r\n\r\nMagnifique grand buffet vintage dans une belle couleur de teck qui ajoute imm\u00e9diatement de l'ambiance \u00e0 votre maison. Cette armoire peut parfaitement \u00eatre utilis\u00e9e comme meuble TV vintage. L'armoire offre beaucoup d'espace de rangement gr\u00e2ce aux 3 portes ouvrantes et aux 3 tiroirs. L'armoire a un design \u00e9pur\u00e9, en partie gr\u00e2ce aux tiroirs sans poign\u00e9e. Dans le tiroir sup\u00e9rieur, vous trouverez un organisateur de tiroirs, qui est amovible.\r\n\r\nP\u00e9riode de conception : 1950-1960\r\nStyle : Mid century modern\r\nMat\u00e9riau : Teck\r\n\u00c9tat : En tr\u00e8s bon \u00e9tat\r\nDesigner : Inconnu\r\n\r\nDimensions : Largeur : 240 cm\r\nLargeur : 240 cm\r\nHauteur : 80 cm\r\nProfondeur : 44 cm","protected":false},"featured_media":13669,"template":"","meta":{"_acf_changed":false},"product_brand":[],"product_cat":[103],"product_tag":[],"class_list":{"0":"post-13668","1":"product","2":"type-product","3":"status-publish","4":"has-post-thumbnail","6":"product_cat-archief","7":"product_shipping_class-koerier","9":"first","10":"outofstock","11":"shipping-taxable","12":"product-type-simple"},"composite_virtual":false,"composite_layout":"","composite_add_to_cart_form_location":"","composite_editable_in_cart":false,"composite_sold_individually_context":"","composite_shop_price_calc":"","composite_components":[],"composite_scenarios":[],"exclude_global_add_ons":[],"addons":[],"acf":[],"yoast_head":null,"yoast_head_json":null,"_links":{"self":[{"href":"https:\/\/www.charmig.nl\/fr\/wp-json\/wp\/v2\/product\/13668","targetHints":{"allow":["GET"]}}],"collection":[{"href":"https:\/\/www.charmig.nl\/fr\/wp-json\/wp\/v2\/product"}],"about":[{"href":"https:\/\/www.charmig.nl\/fr\/wp-json\/wp\/v2\/types\/product"}],"wp:featuredmedia":[{"embeddable":true,"href":"https:\/\/www.charmig.nl\/fr\/wp-json\/wp\/v2\/media\/13669"}],"wp:attachment":[{"href":"https:\/\/www.charmig.nl\/fr\/wp-json\/wp\/v2\/media?parent=13668"}],"wp:term":[{"taxonomy":"product_brand","embeddable":true,"href":"https:\/\/www.charmig.nl\/fr\/wp-json\/wp\/v2\/product_brand?post=13668"},{"taxonomy":"product_cat","embeddable":true,"href":"https:\/\/www.charmig.nl\/fr\/wp-json\/wp\/v2\/product_cat?post=13668"},{"taxonomy":"product_tag","embeddable":true,"href":"https:\/\/www.charmig.nl\/fr\/wp-json\/wp\/v2\/product_tag?post=13668"}],"curies":[{"name":"wp","href":"https:\/\/api.w.org\/{rel}","templated":true}]}}