{"id":13688,"date":"2024-03-25T14:25:58","date_gmt":"2024-03-25T13:25:58","guid":{"rendered":"https:\/\/www.charmig.nl\/?post_type=product&#038;p=13688"},"modified":"2026-04-23T09:36:08","modified_gmt":"2026-04-23T07:36:08","slug":"vintage-salontafel-tv-meubel-teak-heinrich-riestenpatt","status":"publish","type":"product","link":"https:\/\/www.charmig.nl\/fr\/product\/archief\/vintage-salontafel-tv-meubel-teak-heinrich-riestenpatt\/","title":{"rendered":"Table basse vintage | Meuble TV | Teck | Heinrich Riestenpatt"},"content":{"rendered":"","protected":false},"excerpt":{"rendered":"Num\u00e9ro d'article : 211153\r\n\r\nCe meuble est tout en 1. Vous pouvez l'utiliser comme meuble TV, table basse vintage ou m\u00eame comme s\u00e9parateur de pi\u00e8ce bas. Le meuble a 2 compartiments, id\u00e9al pour les magazines ou les t\u00e9l\u00e9commandes, par exemple. Si vous \u00eates toujours \u00e0 la recherche d'un nouveau meuble TV vintage, c'est l'occasion ou jamais ! Le meuble est dot\u00e9 de nouveaux pieds en \u00e9pingle \u00e0 cheveux en m\u00e9tal noir.\r\n\r\nP\u00e9riode de cr\u00e9ation : 1950-1960\r\nStyle : moderne du milieu du si\u00e8cle\r\nMat\u00e9riau : teck\r\n\u00c9tat : En tr\u00e8s bon \u00e9tat,\r\nMarque : Heinrich Riestenpatt\r\n\r\nDimensions : Hauteur : 39 cm :\r\nHauteur : 39 cm\r\nLargeur : 100 cm\r\nProfondeur : 57 cm","protected":false},"featured_media":13689,"template":"","meta":{"_acf_changed":false},"product_brand":[],"product_cat":[103],"product_tag":[],"class_list":{"0":"post-13688","1":"product","2":"type-product","3":"status-publish","4":"has-post-thumbnail","6":"product_cat-archief","7":"product_shipping_class-koerier","9":"first","10":"outofstock","11":"shipping-taxable","12":"product-type-simple"},"composite_virtual":false,"composite_layout":"","composite_add_to_cart_form_location":"","composite_editable_in_cart":false,"composite_sold_individually_context":"","composite_shop_price_calc":"","composite_components":[],"composite_scenarios":[],"exclude_global_add_ons":[],"addons":[],"acf":[],"yoast_head":null,"yoast_head_json":null,"_links":{"self":[{"href":"https:\/\/www.charmig.nl\/fr\/wp-json\/wp\/v2\/product\/13688","targetHints":{"allow":["GET"]}}],"collection":[{"href":"https:\/\/www.charmig.nl\/fr\/wp-json\/wp\/v2\/product"}],"about":[{"href":"https:\/\/www.charmig.nl\/fr\/wp-json\/wp\/v2\/types\/product"}],"wp:featuredmedia":[{"embeddable":true,"href":"https:\/\/www.charmig.nl\/fr\/wp-json\/wp\/v2\/media\/13689"}],"wp:attachment":[{"href":"https:\/\/www.charmig.nl\/fr\/wp-json\/wp\/v2\/media?parent=13688"}],"wp:term":[{"taxonomy":"product_brand","embeddable":true,"href":"https:\/\/www.charmig.nl\/fr\/wp-json\/wp\/v2\/product_brand?post=13688"},{"taxonomy":"product_cat","embeddable":true,"href":"https:\/\/www.charmig.nl\/fr\/wp-json\/wp\/v2\/product_cat?post=13688"},{"taxonomy":"product_tag","embeddable":true,"href":"https:\/\/www.charmig.nl\/fr\/wp-json\/wp\/v2\/product_tag?post=13688"}],"curies":[{"name":"wp","href":"https:\/\/api.w.org\/{rel}","templated":true}]}}