{"id":13718,"date":"2024-03-25T15:03:47","date_gmt":"2024-03-25T14:03:47","guid":{"rendered":"https:\/\/www.charmig.nl\/?post_type=product&#038;p=13718"},"modified":"2026-04-23T09:36:08","modified_gmt":"2026-04-23T07:36:08","slug":"vintage-dressoir-unieke-handgrepen-teak-210-cm","status":"publish","type":"product","link":"https:\/\/www.charmig.nl\/fr\/product\/archief\/vintage-dressoir-unieke-handgrepen-teak-210-cm\/","title":{"rendered":"Buffet vintage | Poign\u00e9es uniques | Teck | 210 cm"},"content":{"rendered":"","protected":false},"excerpt":{"rendered":"Num\u00e9ro d'article : 211151\r\n\r\nCe fantastique buffet est fabriqu\u00e9 en teck et pr\u00e9sente de belles marques dans le bois. Le buffet vintage a 4 tiroirs avec de belles poign\u00e9es en bois. Les tiroirs ont un effet ludique gr\u00e2ce au placage nervur\u00e9. Les 3 portes ouvrantes peuvent \u00eatre verrouill\u00e9es \u00e0 l'aide de la cl\u00e9 d'origine. Le socle d\u00e9coratif compl\u00e8te le meuble vintage. Le buffet aurait \u00e9t\u00e9 con\u00e7u par Heinrich Althoff. Un beau buffet \u00e0 utiliser comme meuble TV vintage.\r\n\r\nP\u00e9riode de cr\u00e9ation : 1950 - 1960\r\nStyle : moderne du milieu du si\u00e8cle - design scandinave - design danois\r\nMat\u00e9riau : Teck\r\n\u00c9tat : En tr\u00e8s bon \u00e9tat\r\nPays d'origine : Danemark\r\nDesigner : Probablement Heinrich Althoff\r\n\r\nDimensions : Largeur : 210 cm\r\nLargeur : 210 cm\r\nHauteur : 85 cm\r\nProfondeur : 45 cm","protected":false},"featured_media":13719,"template":"","meta":{"_acf_changed":false},"product_brand":[],"product_cat":[103],"product_tag":[],"class_list":{"0":"post-13718","1":"product","2":"type-product","3":"status-publish","4":"has-post-thumbnail","6":"product_cat-archief","7":"product_shipping_class-koerier","9":"first","10":"outofstock","11":"shipping-taxable","12":"product-type-simple"},"composite_virtual":false,"composite_layout":"","composite_add_to_cart_form_location":"","composite_editable_in_cart":false,"composite_sold_individually_context":"","composite_shop_price_calc":"","composite_components":[],"composite_scenarios":[],"exclude_global_add_ons":[],"addons":[],"acf":[],"yoast_head":null,"yoast_head_json":null,"_links":{"self":[{"href":"https:\/\/www.charmig.nl\/fr\/wp-json\/wp\/v2\/product\/13718","targetHints":{"allow":["GET"]}}],"collection":[{"href":"https:\/\/www.charmig.nl\/fr\/wp-json\/wp\/v2\/product"}],"about":[{"href":"https:\/\/www.charmig.nl\/fr\/wp-json\/wp\/v2\/types\/product"}],"wp:featuredmedia":[{"embeddable":true,"href":"https:\/\/www.charmig.nl\/fr\/wp-json\/wp\/v2\/media\/13719"}],"wp:attachment":[{"href":"https:\/\/www.charmig.nl\/fr\/wp-json\/wp\/v2\/media?parent=13718"}],"wp:term":[{"taxonomy":"product_brand","embeddable":true,"href":"https:\/\/www.charmig.nl\/fr\/wp-json\/wp\/v2\/product_brand?post=13718"},{"taxonomy":"product_cat","embeddable":true,"href":"https:\/\/www.charmig.nl\/fr\/wp-json\/wp\/v2\/product_cat?post=13718"},{"taxonomy":"product_tag","embeddable":true,"href":"https:\/\/www.charmig.nl\/fr\/wp-json\/wp\/v2\/product_tag?post=13718"}],"curies":[{"name":"wp","href":"https:\/\/api.w.org\/{rel}","templated":true}]}}