{"id":13738,"date":"2024-03-25T15:18:57","date_gmt":"2024-03-25T14:18:57","guid":{"rendered":"https:\/\/www.charmig.nl\/?post_type=product&#038;p=13738"},"modified":"2026-04-23T09:36:08","modified_gmt":"2026-04-23T07:36:08","slug":"vintage-uitschuifbare-eettafel-c-j-rosengaarden-teak-deens-221-cm","status":"publish","type":"product","link":"https:\/\/www.charmig.nl\/fr\/product\/archief\/vintage-uitschuifbare-eettafel-c-j-rosengaarden-teak-deens-221-cm\/","title":{"rendered":"Table de salle \u00e0 manger extensible vintage | C J Rosengaarden | Teck | Danois | 221 cm"},"content":{"rendered":"","protected":false},"excerpt":{"rendered":"Num\u00e9ro d'article : 211147\r\n\r\nCette table ronde danoise est fabriqu\u00e9e en teck (placage) par C J Rosengaarden au Danemark. La table \u00e0 manger ronde en bois peut \u00eatre transform\u00e9e en table \u00e0 manger ovale. La table de salle \u00e0 manger vintage dispose de 2 allonges interm\u00e9diaires, id\u00e9ales pour organiser un d\u00eener. Des pieds sont plac\u00e9s sous les pieds de la table pour stabiliser la table extensible et gagner de la hauteur si n\u00e9cessaire.\r\n\r\nP\u00e9riode de conception : 1950-1960\r\nStyle : moderne du milieu du si\u00e8cle, design scandinave\r\nCondition : En bon \u00e9tat, avec des signes minimes d'utilisation. Les deux feuilles interm\u00e9diaires sont l\u00e9g\u00e8rement d\u00e9color\u00e9es par les ann\u00e9es.\r\n\r\nDimensions de l'objet :\r\nDiam\u00e8tre : 121 cm\r\nD\u00e9ploy\u00e9 avec 1 sommet : 171 cm\r\nD\u00e9ploy\u00e9 avec 2 feuilles : 221 cm\r\nHauteur : 72 cm","protected":false},"featured_media":13739,"template":"","meta":{"_acf_changed":false},"product_brand":[],"product_cat":[103],"product_tag":[],"class_list":{"0":"post-13738","1":"product","2":"type-product","3":"status-publish","4":"has-post-thumbnail","6":"product_cat-archief","7":"product_shipping_class-koerier","9":"first","10":"outofstock","11":"shipping-taxable","12":"product-type-simple"},"composite_virtual":false,"composite_layout":"","composite_add_to_cart_form_location":"","composite_editable_in_cart":false,"composite_sold_individually_context":"","composite_shop_price_calc":"","composite_components":[],"composite_scenarios":[],"exclude_global_add_ons":[],"addons":[],"acf":[],"yoast_head":null,"yoast_head_json":null,"_links":{"self":[{"href":"https:\/\/www.charmig.nl\/fr\/wp-json\/wp\/v2\/product\/13738","targetHints":{"allow":["GET"]}}],"collection":[{"href":"https:\/\/www.charmig.nl\/fr\/wp-json\/wp\/v2\/product"}],"about":[{"href":"https:\/\/www.charmig.nl\/fr\/wp-json\/wp\/v2\/types\/product"}],"wp:featuredmedia":[{"embeddable":true,"href":"https:\/\/www.charmig.nl\/fr\/wp-json\/wp\/v2\/media\/13739"}],"wp:attachment":[{"href":"https:\/\/www.charmig.nl\/fr\/wp-json\/wp\/v2\/media?parent=13738"}],"wp:term":[{"taxonomy":"product_brand","embeddable":true,"href":"https:\/\/www.charmig.nl\/fr\/wp-json\/wp\/v2\/product_brand?post=13738"},{"taxonomy":"product_cat","embeddable":true,"href":"https:\/\/www.charmig.nl\/fr\/wp-json\/wp\/v2\/product_cat?post=13738"},{"taxonomy":"product_tag","embeddable":true,"href":"https:\/\/www.charmig.nl\/fr\/wp-json\/wp\/v2\/product_tag?post=13738"}],"curies":[{"name":"wp","href":"https:\/\/api.w.org\/{rel}","templated":true}]}}