{"id":13806,"date":"2024-03-26T11:35:15","date_gmt":"2024-03-26T10:35:15","guid":{"rendered":"https:\/\/www.charmig.nl\/?post_type=product&#038;p=13806"},"modified":"2026-02-24T09:01:30","modified_gmt":"2026-02-24T08:01:30","slug":"vintage-teak-dressoir-xl-240-cm-houten-greepjes","status":"publish","type":"product","link":"https:\/\/www.charmig.nl\/fr\/produit\/archives\/vintage-teak-dressoir-xl-240-cm-houten-greepjes\/","title":{"rendered":"Buffet vintage en teck | XL | 240 cm | Poign\u00e9es en bois"},"content":{"rendered":"","protected":false},"excerpt":{"rendered":"Num\u00e9ro d'article : 211150\r\n\r\nBuffet vintage tr\u00e8s unique, con\u00e7u dans les ann\u00e9es 1960. Le meuble vintage a une couleur de bois chaude et de tr\u00e8s belles poign\u00e9es sur les tiroirs. La base compl\u00e8te le meuble. L'armoire offre beaucoup d'espace de rangement pratique et ajoute beaucoup d'ambiance \u00e0 n'importe quel int\u00e9rieur !\r\n\r\nP\u00e9riode de cr\u00e9ation : 1960-1970\r\nStyle : moderne du milieu du si\u00e8cle, design scandinave\r\nMat\u00e9riau : Teck\r\n\u00c9tat : En tr\u00e8s bon \u00e9tat\r\n\r\nDimensions : Largeur : 240 cm\r\nLargeur : 240 cm\r\nHauteur : 76 cm\r\nProfondeur : 44 cm","protected":false},"featured_media":13827,"template":"","meta":{"_acf_changed":false},"product_brand":[],"product_cat":[103],"product_tag":[],"class_list":{"0":"post-13806","1":"product","2":"type-product","3":"status-publish","4":"has-post-thumbnail","6":"product_cat-archief","7":"product_shipping_class-koerier","9":"first","10":"outofstock","11":"shipping-taxable","12":"product-type-simple"},"composite_virtual":false,"composite_layout":"","composite_add_to_cart_form_location":"","composite_editable_in_cart":false,"composite_sold_individually_context":"","composite_shop_price_calc":"","composite_components":[],"composite_scenarios":[],"exclude_global_add_ons":[],"addons":[],"acf":[],"yoast_head":null,"yoast_head_json":null,"_links":{"self":[{"href":"https:\/\/www.charmig.nl\/fr\/wp-json\/wp\/v2\/product\/13806","targetHints":{"allow":["GET"]}}],"collection":[{"href":"https:\/\/www.charmig.nl\/fr\/wp-json\/wp\/v2\/product"}],"about":[{"href":"https:\/\/www.charmig.nl\/fr\/wp-json\/wp\/v2\/types\/product"}],"wp:featuredmedia":[{"embeddable":true,"href":"https:\/\/www.charmig.nl\/fr\/wp-json\/wp\/v2\/media\/13827"}],"wp:attachment":[{"href":"https:\/\/www.charmig.nl\/fr\/wp-json\/wp\/v2\/media?parent=13806"}],"wp:term":[{"taxonomy":"product_brand","embeddable":true,"href":"https:\/\/www.charmig.nl\/fr\/wp-json\/wp\/v2\/product_brand?post=13806"},{"taxonomy":"product_cat","embeddable":true,"href":"https:\/\/www.charmig.nl\/fr\/wp-json\/wp\/v2\/product_cat?post=13806"},{"taxonomy":"product_tag","embeddable":true,"href":"https:\/\/www.charmig.nl\/fr\/wp-json\/wp\/v2\/product_tag?post=13806"}],"curies":[{"name":"wp","href":"https:\/\/api.w.org\/{rel}","templated":true}]}}