{"id":13878,"date":"2024-04-09T07:41:29","date_gmt":"2024-04-09T05:41:29","guid":{"rendered":"https:\/\/www.charmig.nl\/?post_type=product&#038;p=13878"},"modified":"2026-02-24T09:01:30","modified_gmt":"2026-02-24T08:01:30","slug":"vintage-ronde-eettafel-uitschuifbaar-zweeds-120-cm","status":"publish","type":"product","link":"https:\/\/www.charmig.nl\/fr\/produit\/archives\/vintage-ronde-eettafel-uitschuifbaar-zweeds-120-cm\/","title":{"rendered":"Table de salle \u00e0 manger ronde vintage | extensible | su\u00e9doise | 120 cm"},"content":{"rendered":"","protected":false},"excerpt":{"rendered":"Num\u00e9ro d'article : 211178\r\n\r\nCette table \u00e0 rallonge vintage en bois est tr\u00e8s belle : la table \u00e0 manger ronde est en tr\u00e8s bon \u00e9tat et a un plateau tr\u00e8s fin. Nous n'en trouvons pas tr\u00e8s souvent ! La table \u00e0 manger en teck peut \u00eatre rallong\u00e9e avec 2 allonges interm\u00e9diaires et devient alors ovale. Elle peut ainsi accueillir 8 personnes. Ce qui rend cette table si sp\u00e9ciale, c'est le design particulier de la base. La table vintage a \u00e9t\u00e9 fabriqu\u00e9e par Karl Erik Ekselius en Su\u00e8de.\r\n\r\nP\u00e9riode de cr\u00e9ation : 1950-1960\r\nStyle : Mid century modern, scandinavian design\r\n\u00c9tat : En tr\u00e8s bon \u00e9tat\r\nDesigner : Karl Erik Ekselius\r\nFabricant : J.O. Carlsson\r\n\r\nLes dimensions\r\nDiam\u00e8tre : 120 cm\r\nD\u00e9ploy\u00e9 avec 1 plateau : 180 cm\r\nD\u00e9ploy\u00e9 avec 2 feuilles : 240 cm\r\nHauteur : 72 cm","protected":false},"featured_media":13894,"template":"","meta":{"_acf_changed":false},"product_brand":[],"product_cat":[103],"product_tag":[],"class_list":{"0":"post-13878","1":"product","2":"type-product","3":"status-publish","4":"has-post-thumbnail","6":"product_cat-archief","7":"product_shipping_class-koerier","9":"first","10":"outofstock","11":"shipping-taxable","12":"product-type-simple"},"composite_virtual":false,"composite_layout":"","composite_add_to_cart_form_location":"","composite_editable_in_cart":false,"composite_sold_individually_context":"","composite_shop_price_calc":"","composite_components":[],"composite_scenarios":[],"exclude_global_add_ons":[],"addons":[],"acf":[],"yoast_head":null,"yoast_head_json":null,"_links":{"self":[{"href":"https:\/\/www.charmig.nl\/fr\/wp-json\/wp\/v2\/product\/13878","targetHints":{"allow":["GET"]}}],"collection":[{"href":"https:\/\/www.charmig.nl\/fr\/wp-json\/wp\/v2\/product"}],"about":[{"href":"https:\/\/www.charmig.nl\/fr\/wp-json\/wp\/v2\/types\/product"}],"wp:featuredmedia":[{"embeddable":true,"href":"https:\/\/www.charmig.nl\/fr\/wp-json\/wp\/v2\/media\/13894"}],"wp:attachment":[{"href":"https:\/\/www.charmig.nl\/fr\/wp-json\/wp\/v2\/media?parent=13878"}],"wp:term":[{"taxonomy":"product_brand","embeddable":true,"href":"https:\/\/www.charmig.nl\/fr\/wp-json\/wp\/v2\/product_brand?post=13878"},{"taxonomy":"product_cat","embeddable":true,"href":"https:\/\/www.charmig.nl\/fr\/wp-json\/wp\/v2\/product_cat?post=13878"},{"taxonomy":"product_tag","embeddable":true,"href":"https:\/\/www.charmig.nl\/fr\/wp-json\/wp\/v2\/product_tag?post=13878"}],"curies":[{"name":"wp","href":"https:\/\/api.w.org\/{rel}","templated":true}]}}