{"id":13904,"date":"2024-04-09T07:51:19","date_gmt":"2024-04-09T05:51:19","guid":{"rendered":"https:\/\/www.charmig.nl\/?post_type=product&#038;p=13904"},"modified":"2026-04-23T09:36:09","modified_gmt":"2026-04-23T07:36:09","slug":"vintage-kast-highboard-heinrich-althoff-teak","status":"publish","type":"product","link":"https:\/\/www.charmig.nl\/fr\/product\/archief\/vintage-kast-highboard-heinrich-althoff-teak\/","title":{"rendered":"Armoire vintage | Highboard | Heinrich Althoff | Teck"},"content":{"rendered":"","protected":false},"excerpt":{"rendered":"Num\u00e9ro d'article : 211181\r\n\r\nFantastique meuble haut vintage offrant beaucoup d'espace de rangement. Ce meuble vintage a \u00e9t\u00e9 con\u00e7u par Heinrich Althoff, reconnaissable \u00e0 ses belles poign\u00e9es et \u00e0 sa belle base. L'armoire a 2 portes ouvrantes et 4 tiroirs. Id\u00e9ale comme armoire \u00e0 vaisselle vintage ou comme penderie ? L'armoire vintage offre de nombreuses possibilit\u00e9s.\r\n\r\nP\u00e9riode de cr\u00e9ation : 1960-1970\r\nStyle : moderne du milieu du si\u00e8cle\r\nMat\u00e9riau : Teck\r\nCondition : En tr\u00e8s bon \u00e9tat, quelques signes mineurs d'usure appropri\u00e9s \u00e0 son \u00e2ge.\r\nMarque : Heinrich Althoff\r\n\r\nDimensions : Hauteur : 150 cm :\r\nHauteur : 150 cm\r\nLargeur : 105 cm\r\nProfondeur : 41 cm","protected":false},"featured_media":13921,"template":"","meta":{"_acf_changed":false},"product_brand":[],"product_cat":[103],"product_tag":[],"class_list":{"0":"post-13904","1":"product","2":"type-product","3":"status-publish","4":"has-post-thumbnail","6":"product_cat-archief","7":"product_shipping_class-koerier","9":"first","10":"outofstock","11":"shipping-taxable","12":"product-type-simple"},"composite_virtual":false,"composite_layout":"","composite_add_to_cart_form_location":"","composite_editable_in_cart":false,"composite_sold_individually_context":"","composite_shop_price_calc":"","composite_components":[],"composite_scenarios":[],"exclude_global_add_ons":[],"addons":[],"acf":[],"yoast_head":null,"yoast_head_json":null,"_links":{"self":[{"href":"https:\/\/www.charmig.nl\/fr\/wp-json\/wp\/v2\/product\/13904","targetHints":{"allow":["GET"]}}],"collection":[{"href":"https:\/\/www.charmig.nl\/fr\/wp-json\/wp\/v2\/product"}],"about":[{"href":"https:\/\/www.charmig.nl\/fr\/wp-json\/wp\/v2\/types\/product"}],"wp:featuredmedia":[{"embeddable":true,"href":"https:\/\/www.charmig.nl\/fr\/wp-json\/wp\/v2\/media\/13921"}],"wp:attachment":[{"href":"https:\/\/www.charmig.nl\/fr\/wp-json\/wp\/v2\/media?parent=13904"}],"wp:term":[{"taxonomy":"product_brand","embeddable":true,"href":"https:\/\/www.charmig.nl\/fr\/wp-json\/wp\/v2\/product_brand?post=13904"},{"taxonomy":"product_cat","embeddable":true,"href":"https:\/\/www.charmig.nl\/fr\/wp-json\/wp\/v2\/product_cat?post=13904"},{"taxonomy":"product_tag","embeddable":true,"href":"https:\/\/www.charmig.nl\/fr\/wp-json\/wp\/v2\/product_tag?post=13904"}],"curies":[{"name":"wp","href":"https:\/\/api.w.org\/{rel}","templated":true}]}}