{"id":14072,"date":"2024-04-09T20:10:59","date_gmt":"2024-04-09T18:10:59","guid":{"rendered":"https:\/\/www.charmig.nl\/?post_type=product&#038;p=14072"},"modified":"2026-04-23T09:36:10","modified_gmt":"2026-04-23T07:36:10","slug":"4-x-eetkamerstoelen-erik-buch-teak","status":"publish","type":"product","link":"https:\/\/www.charmig.nl\/fr\/product\/archief\/4-x-eetkamerstoelen-erik-buch-teak\/","title":{"rendered":"4 x chaises de salle \u00e0 manger | Erik Buch | Teck"},"content":{"rendered":"","protected":false},"excerpt":{"rendered":"Artikelnummer: 211160\r\n\r\nSet van 4 prachtige teak vintage eetkamerstoelen. Deze Deense stoelen zijn ontworpen door Erik Buch. De set eetkamerstoelen zijn uitgevoerd in teakhout en zijn gestoffeerd in een prachtige beige gem\u00ealeerde stof met een hint van okergeel, creme en donkerbruin.\r\n\r\nStijl: Mid century modern &#8211; Deens design &#8211; Scandinavisch design\r\nMateriaal: Teak\r\nConditie: Zeer goede vintage staat\r\nOntwerper: Erik Buch\r\n\r\nAfmetingen:\r\nHoogte: 81 cm\r\nZithoogte: 45 cm\r\nBreedte: 48 cm\r\nDiepte: 48 cm\r\n<em>\r\nLes articles de la vente d'\u00e9t\u00e9 ne peuvent pas \u00eatre retourn\u00e9s.<\/em>","protected":false},"featured_media":14082,"template":"","meta":{"_acf_changed":false},"product_brand":[],"product_cat":[103],"product_tag":[],"class_list":{"0":"post-14072","1":"product","2":"type-product","3":"status-publish","4":"has-post-thumbnail","6":"product_cat-archief","7":"product_shipping_class-koerier","9":"first","10":"outofstock","11":"shipping-taxable","12":"product-type-simple"},"composite_virtual":false,"composite_layout":"","composite_add_to_cart_form_location":"","composite_editable_in_cart":false,"composite_sold_individually_context":"","composite_shop_price_calc":"","composite_components":[],"composite_scenarios":[],"exclude_global_add_ons":[],"addons":[],"acf":[],"yoast_head":null,"yoast_head_json":null,"_links":{"self":[{"href":"https:\/\/www.charmig.nl\/fr\/wp-json\/wp\/v2\/product\/14072","targetHints":{"allow":["GET"]}}],"collection":[{"href":"https:\/\/www.charmig.nl\/fr\/wp-json\/wp\/v2\/product"}],"about":[{"href":"https:\/\/www.charmig.nl\/fr\/wp-json\/wp\/v2\/types\/product"}],"wp:featuredmedia":[{"embeddable":true,"href":"https:\/\/www.charmig.nl\/fr\/wp-json\/wp\/v2\/media\/14082"}],"wp:attachment":[{"href":"https:\/\/www.charmig.nl\/fr\/wp-json\/wp\/v2\/media?parent=14072"}],"wp:term":[{"taxonomy":"product_brand","embeddable":true,"href":"https:\/\/www.charmig.nl\/fr\/wp-json\/wp\/v2\/product_brand?post=14072"},{"taxonomy":"product_cat","embeddable":true,"href":"https:\/\/www.charmig.nl\/fr\/wp-json\/wp\/v2\/product_cat?post=14072"},{"taxonomy":"product_tag","embeddable":true,"href":"https:\/\/www.charmig.nl\/fr\/wp-json\/wp\/v2\/product_tag?post=14072"}],"curies":[{"name":"wp","href":"https:\/\/api.w.org\/{rel}","templated":true}]}}