{"id":14140,"date":"2024-04-24T14:06:13","date_gmt":"2024-04-24T12:06:13","guid":{"rendered":"https:\/\/www.charmig.nl\/?post_type=product&#038;p=14140"},"modified":"2026-04-23T09:36:11","modified_gmt":"2026-04-23T07:36:11","slug":"vintage-eettafel-niels-otto-moller-teak-212-cm","status":"publish","type":"product","link":"https:\/\/www.charmig.nl\/fr\/product\/archief\/vintage-eettafel-niels-otto-moller-teak-212-cm\/","title":{"rendered":"Table de salle \u00e0 manger vintage | Niels Otto M\u00f8ller | Teck | 212 cm"},"content":{"rendered":"","protected":false},"excerpt":{"rendered":"Num\u00e9ro d'article : 211148\r\n\r\nCette magnifique grande table ronde vintage a \u00e9t\u00e9 con\u00e7ue par Niels Otto M\u00f8ller au Danemark. La table est fabriqu\u00e9e en teck massif. Un v\u00e9ritable exemple de la qualit\u00e9 danoise ! La table \u00e0 manger ronde en bois peut \u00eatre transform\u00e9e en table \u00e0 manger ovale gr\u00e2ce \u00e0 deux feuilles interm\u00e9diaires.\r\n\r\nP\u00e9riode de conception : 1950-1960\r\nStyle : Moderne, design scandinave, design danois\r\n\u00c9tat : En tr\u00e8s bon \u00e9tat\r\nPays d'origine : Danemark\r\nDesigner : Niels Otto M\u00f8ller\r\nMat\u00e9riau : Teck massif\r\n\r\nDimensions : Diam\u00e8tre : 114 cm\r\nDiam\u00e8tre : 114 cm\r\nD\u00e9pli\u00e9 avec 1 plateau : 162 cm\r\nD\u00e9pli\u00e9 avec 2 feuilles : 212 cm\r\nHauteur : 73 cm","protected":false},"featured_media":14150,"template":"","meta":{"_acf_changed":false},"product_brand":[],"product_cat":[103],"product_tag":[],"class_list":{"0":"post-14140","1":"product","2":"type-product","3":"status-publish","4":"has-post-thumbnail","6":"product_cat-archief","7":"product_shipping_class-koerier","9":"first","10":"outofstock","11":"shipping-taxable","12":"purchasable","13":"product-type-simple"},"composite_virtual":false,"composite_layout":"","composite_add_to_cart_form_location":"","composite_editable_in_cart":false,"composite_sold_individually_context":"","composite_shop_price_calc":"","composite_components":[],"composite_scenarios":[],"exclude_global_add_ons":[],"addons":[],"acf":[],"yoast_head":null,"yoast_head_json":null,"_links":{"self":[{"href":"https:\/\/www.charmig.nl\/fr\/wp-json\/wp\/v2\/product\/14140","targetHints":{"allow":["GET"]}}],"collection":[{"href":"https:\/\/www.charmig.nl\/fr\/wp-json\/wp\/v2\/product"}],"about":[{"href":"https:\/\/www.charmig.nl\/fr\/wp-json\/wp\/v2\/types\/product"}],"wp:featuredmedia":[{"embeddable":true,"href":"https:\/\/www.charmig.nl\/fr\/wp-json\/wp\/v2\/media\/14150"}],"wp:attachment":[{"href":"https:\/\/www.charmig.nl\/fr\/wp-json\/wp\/v2\/media?parent=14140"}],"wp:term":[{"taxonomy":"product_brand","embeddable":true,"href":"https:\/\/www.charmig.nl\/fr\/wp-json\/wp\/v2\/product_brand?post=14140"},{"taxonomy":"product_cat","embeddable":true,"href":"https:\/\/www.charmig.nl\/fr\/wp-json\/wp\/v2\/product_cat?post=14140"},{"taxonomy":"product_tag","embeddable":true,"href":"https:\/\/www.charmig.nl\/fr\/wp-json\/wp\/v2\/product_tag?post=14140"}],"curies":[{"name":"wp","href":"https:\/\/api.w.org\/{rel}","templated":true}]}}