{"id":14351,"date":"2024-04-25T21:30:42","date_gmt":"2024-04-25T19:30:42","guid":{"rendered":"https:\/\/www.charmig.nl\/?post_type=product&#038;p=14351"},"modified":"2026-04-23T09:36:12","modified_gmt":"2026-04-23T07:36:12","slug":"vintage-plantentafeltje-organisch-zwart-wit-bijzettafeltje","status":"publish","type":"product","link":"https:\/\/www.charmig.nl\/fr\/product\/archief\/vintage-plantentafeltje-organisch-zwart-wit-bijzettafeltje\/","title":{"rendered":"Table \u00e0 plantes vintage | Organic | Noir et blanc | Table d'appoint"},"content":{"rendered":"","protected":false},"excerpt":{"rendered":"Num\u00e9ro d'article : 211165\r\n\r\nJolie table \u00e0 plantes vintage de forme organique avec des pieds noirs et un plateau blanc. La table est robuste et en tr\u00e8s bon \u00e9tat.\r\n\r\nDimensions de la table :\r\nLargeur : 63 cm\r\nProfondeur : 30 cm\r\nHauteur : 28 cm\r\n\r\nP\u00e9riode de cr\u00e9ation : 1960 - 1970\r\nStyle : Mid century modern\r\nMat\u00e9riau : Bois\r\nCondition : En bon \u00e9tat, avec des signes d'utilisation correspondant \u00e0 son \u00e2ge. Le plateau pr\u00e9sente quelques d\u00e9colorations.","protected":false},"featured_media":14358,"template":"","meta":{"_acf_changed":false},"product_brand":[],"product_cat":[103],"product_tag":[],"class_list":{"0":"post-14351","1":"product","2":"type-product","3":"status-publish","4":"has-post-thumbnail","6":"product_cat-archief","7":"product_shipping_class-klein-pakket","9":"first","10":"outofstock","11":"shipping-taxable","12":"product-type-simple"},"composite_virtual":false,"composite_layout":"","composite_add_to_cart_form_location":"","composite_editable_in_cart":false,"composite_sold_individually_context":"","composite_shop_price_calc":"","composite_components":[],"composite_scenarios":[],"exclude_global_add_ons":[],"addons":[],"acf":[],"yoast_head":null,"yoast_head_json":null,"_links":{"self":[{"href":"https:\/\/www.charmig.nl\/fr\/wp-json\/wp\/v2\/product\/14351","targetHints":{"allow":["GET"]}}],"collection":[{"href":"https:\/\/www.charmig.nl\/fr\/wp-json\/wp\/v2\/product"}],"about":[{"href":"https:\/\/www.charmig.nl\/fr\/wp-json\/wp\/v2\/types\/product"}],"wp:featuredmedia":[{"embeddable":true,"href":"https:\/\/www.charmig.nl\/fr\/wp-json\/wp\/v2\/media\/14358"}],"wp:attachment":[{"href":"https:\/\/www.charmig.nl\/fr\/wp-json\/wp\/v2\/media?parent=14351"}],"wp:term":[{"taxonomy":"product_brand","embeddable":true,"href":"https:\/\/www.charmig.nl\/fr\/wp-json\/wp\/v2\/product_brand?post=14351"},{"taxonomy":"product_cat","embeddable":true,"href":"https:\/\/www.charmig.nl\/fr\/wp-json\/wp\/v2\/product_cat?post=14351"},{"taxonomy":"product_tag","embeddable":true,"href":"https:\/\/www.charmig.nl\/fr\/wp-json\/wp\/v2\/product_tag?post=14351"}],"curies":[{"name":"wp","href":"https:\/\/api.w.org\/{rel}","templated":true}]}}