{"id":14385,"date":"2024-04-26T13:36:07","date_gmt":"2024-04-26T11:36:07","guid":{"rendered":"https:\/\/www.charmig.nl\/?post_type=product&#038;p=14385"},"modified":"2026-04-23T09:36:13","modified_gmt":"2026-04-23T07:36:13","slug":"vintage-secretaire-teak-strak-design","status":"publish","type":"product","link":"https:\/\/www.charmig.nl\/fr\/produit\/archives\/vintage-secretaire-teak-strak-design\/","title":{"rendered":"Secr\u00e9taire vintage | Teck | Design \u00e9pur\u00e9"},"content":{"rendered":"","protected":false},"excerpt":{"rendered":"Num\u00e9ro d'article : 211188\r\n\r\nMagnifique secr\u00e9taire des ann\u00e9es 1960. L'armoire vintage a une belle couleur de bois de teck. Ce poste de travail est tr\u00e8s pratique et offre beaucoup d'espace de rangement. Derri\u00e8re le rabat, vous trouverez suffisamment d'espace pour ranger des dossiers et d'autres accessoires. En bas, vous trouverez deux portes coulissantes. Le secr\u00e9taire vintage a un look intemporel et durera des ann\u00e9es !\r\n\r\nP\u00e9riode de conception : 1960-1970\r\nStyle : Mid century modern,Vintage\r\nCondition : En tr\u00e8s bon \u00e9tat, voir photos.\r\nDesigner : Inconnu\r\n\r\nDimensions : Largeur : 89 cm\r\nLargeur : 89 cm\r\nHauteur : 120 cm\r\nProfondeur : 40 cm\r\n\r\nLes articles des soldes d'\u00e9t\u00e9 ne peuvent pas \u00eatre retourn\u00e9s.","protected":false},"featured_media":14386,"template":"","meta":{"_acf_changed":false},"product_brand":[],"product_cat":[103],"product_tag":[],"class_list":{"0":"post-14385","1":"product","2":"type-product","3":"status-publish","4":"has-post-thumbnail","6":"product_cat-archief","7":"product_shipping_class-koerier","9":"first","10":"outofstock","11":"sale","12":"shipping-taxable","13":"purchasable","14":"product-type-simple"},"composite_virtual":false,"composite_layout":"","composite_add_to_cart_form_location":"","composite_editable_in_cart":false,"composite_sold_individually_context":"","composite_shop_price_calc":"","composite_components":[],"composite_scenarios":[],"exclude_global_add_ons":[],"addons":[],"acf":[],"yoast_head":null,"yoast_head_json":null,"_links":{"self":[{"href":"https:\/\/www.charmig.nl\/fr\/wp-json\/wp\/v2\/product\/14385","targetHints":{"allow":["GET"]}}],"collection":[{"href":"https:\/\/www.charmig.nl\/fr\/wp-json\/wp\/v2\/product"}],"about":[{"href":"https:\/\/www.charmig.nl\/fr\/wp-json\/wp\/v2\/types\/product"}],"wp:featuredmedia":[{"embeddable":true,"href":"https:\/\/www.charmig.nl\/fr\/wp-json\/wp\/v2\/media\/14386"}],"wp:attachment":[{"href":"https:\/\/www.charmig.nl\/fr\/wp-json\/wp\/v2\/media?parent=14385"}],"wp:term":[{"taxonomy":"product_brand","embeddable":true,"href":"https:\/\/www.charmig.nl\/fr\/wp-json\/wp\/v2\/product_brand?post=14385"},{"taxonomy":"product_cat","embeddable":true,"href":"https:\/\/www.charmig.nl\/fr\/wp-json\/wp\/v2\/product_cat?post=14385"},{"taxonomy":"product_tag","embeddable":true,"href":"https:\/\/www.charmig.nl\/fr\/wp-json\/wp\/v2\/product_tag?post=14385"}],"curies":[{"name":"wp","href":"https:\/\/api.w.org\/{rel}","templated":true}]}}