{"id":14404,"date":"2024-04-26T13:48:28","date_gmt":"2024-04-26T11:48:28","guid":{"rendered":"https:\/\/www.charmig.nl\/?post_type=product&#038;p=14404"},"modified":"2026-02-24T09:01:33","modified_gmt":"2026-02-24T08:01:33","slug":"vintage-dressoir-japandi-glazen-schuifdeur-tv-meubel-160-cm","status":"publish","type":"product","link":"https:\/\/www.charmig.nl\/fr\/produit\/archives\/vintage-dressoir-japandi-glazen-schuifdeur-tv-meubel-160-cm\/","title":{"rendered":"Buffet vintage | Japandi | Porte coulissante en verre | Meuble TV | 160 cm"},"content":{"rendered":"","protected":false},"excerpt":{"rendered":"Num\u00e9ro d'article : 211185\r\n\r\nCe buffet vintage est fini dans une teinte chaude et claire de teck. Le meuble poss\u00e8de deux portes coulissantes, dont une en verre. Cela donne au meuble un aspect tr\u00e8s \u00e9l\u00e9gant et s'int\u00e8gre parfaitement dans un int\u00e9rieur japonais. Ce meuble est parfait pour \u00eatre utilis\u00e9 comme meuble TV vintage.\r\n\r\nP\u00e9riode de cr\u00e9ation : 1950-1960\r\nStyle : Mid century modern, Japandi\r\nMat\u00e9riau : Teck\r\nCondition : En tr\u00e8s bon \u00e9tat\r\nMarque : Sans marque\r\n\r\nDimensions de l'objet : Hauteur : 76 cm\r\nHauteur : 76 cm\r\nLargeur : 160 cm\r\nProfondeur : 35 cm","protected":false},"featured_media":14406,"template":"","meta":{"_acf_changed":false},"product_brand":[],"product_cat":[103],"product_tag":[],"class_list":{"0":"post-14404","1":"product","2":"type-product","3":"status-publish","4":"has-post-thumbnail","6":"product_cat-archief","7":"product_shipping_class-koerier","9":"first","10":"outofstock","11":"shipping-taxable","12":"product-type-simple"},"composite_virtual":false,"composite_layout":"","composite_add_to_cart_form_location":"","composite_editable_in_cart":false,"composite_sold_individually_context":"","composite_shop_price_calc":"","composite_components":[],"composite_scenarios":[],"exclude_global_add_ons":[],"addons":[],"acf":[],"yoast_head":null,"yoast_head_json":null,"_links":{"self":[{"href":"https:\/\/www.charmig.nl\/fr\/wp-json\/wp\/v2\/product\/14404","targetHints":{"allow":["GET"]}}],"collection":[{"href":"https:\/\/www.charmig.nl\/fr\/wp-json\/wp\/v2\/product"}],"about":[{"href":"https:\/\/www.charmig.nl\/fr\/wp-json\/wp\/v2\/types\/product"}],"wp:featuredmedia":[{"embeddable":true,"href":"https:\/\/www.charmig.nl\/fr\/wp-json\/wp\/v2\/media\/14406"}],"wp:attachment":[{"href":"https:\/\/www.charmig.nl\/fr\/wp-json\/wp\/v2\/media?parent=14404"}],"wp:term":[{"taxonomy":"product_brand","embeddable":true,"href":"https:\/\/www.charmig.nl\/fr\/wp-json\/wp\/v2\/product_brand?post=14404"},{"taxonomy":"product_cat","embeddable":true,"href":"https:\/\/www.charmig.nl\/fr\/wp-json\/wp\/v2\/product_cat?post=14404"},{"taxonomy":"product_tag","embeddable":true,"href":"https:\/\/www.charmig.nl\/fr\/wp-json\/wp\/v2\/product_tag?post=14404"}],"curies":[{"name":"wp","href":"https:\/\/api.w.org\/{rel}","templated":true}]}}