{"id":14434,"date":"2024-04-26T14:13:02","date_gmt":"2024-04-26T12:13:02","guid":{"rendered":"https:\/\/www.charmig.nl\/?post_type=product&#038;p=14434"},"modified":"2026-04-23T09:36:13","modified_gmt":"2026-04-23T07:36:13","slug":"vintage-dressoir-xl-teak-238-cm","status":"publish","type":"product","link":"https:\/\/www.charmig.nl\/fr\/produit\/archives\/vintage-dressoir-xl-teak-238-cm\/","title":{"rendered":"Buffet vintage | XL | Teck | 238 cm"},"content":{"rendered":"","protected":false},"excerpt":{"rendered":"Num\u00e9ro d'article : 211180\r\n\r\nCe grand buffet vintage se distingue par sa belle base. Ce buffet vintage a un look tr\u00e8s \u00e9l\u00e9gant et a une belle couleur teck chaude. Le meuble offre beaucoup d'espace de rangement derri\u00e8re les 4 portes coulissantes.\r\n\r\nP\u00e9riode de conception : 1950-1960\r\nStyle : moderne du milieu du si\u00e8cle\r\nMat\u00e9riau : Teck\r\nCondition : En bon \u00e9tat vintage ; a une petite r\u00e9paration (\u00e0 peine visible) sur le dessus et des signes mineurs d'utilisation qui correspondent \u00e0 l'\u00e2ge du meuble (voir photos).\r\nDesigner : Inconnu\r\n\r\nDimensions : Largeur : 238 cm\r\nLargeur : 238 cm\r\nHauteur : 88 cm\r\nProfondeur : 43 cm\r\n<em>\r\nLes articles de la vente d'\u00e9t\u00e9 ne peuvent pas \u00eatre retourn\u00e9s.<\/em>","protected":false},"featured_media":14435,"template":"","meta":{"_acf_changed":false},"product_brand":[],"product_cat":[103],"product_tag":[],"class_list":{"0":"post-14434","1":"product","2":"type-product","3":"status-publish","4":"has-post-thumbnail","6":"product_cat-archief","7":"product_shipping_class-koerier","9":"first","10":"outofstock","11":"sale","12":"shipping-taxable","13":"purchasable","14":"product-type-simple"},"composite_virtual":false,"composite_layout":"","composite_add_to_cart_form_location":"","composite_editable_in_cart":false,"composite_sold_individually_context":"","composite_shop_price_calc":"","composite_components":[],"composite_scenarios":[],"exclude_global_add_ons":[],"addons":[],"acf":[],"yoast_head":null,"yoast_head_json":null,"_links":{"self":[{"href":"https:\/\/www.charmig.nl\/fr\/wp-json\/wp\/v2\/product\/14434","targetHints":{"allow":["GET"]}}],"collection":[{"href":"https:\/\/www.charmig.nl\/fr\/wp-json\/wp\/v2\/product"}],"about":[{"href":"https:\/\/www.charmig.nl\/fr\/wp-json\/wp\/v2\/types\/product"}],"wp:featuredmedia":[{"embeddable":true,"href":"https:\/\/www.charmig.nl\/fr\/wp-json\/wp\/v2\/media\/14435"}],"wp:attachment":[{"href":"https:\/\/www.charmig.nl\/fr\/wp-json\/wp\/v2\/media?parent=14434"}],"wp:term":[{"taxonomy":"product_brand","embeddable":true,"href":"https:\/\/www.charmig.nl\/fr\/wp-json\/wp\/v2\/product_brand?post=14434"},{"taxonomy":"product_cat","embeddable":true,"href":"https:\/\/www.charmig.nl\/fr\/wp-json\/wp\/v2\/product_cat?post=14434"},{"taxonomy":"product_tag","embeddable":true,"href":"https:\/\/www.charmig.nl\/fr\/wp-json\/wp\/v2\/product_tag?post=14434"}],"curies":[{"name":"wp","href":"https:\/\/api.w.org\/{rel}","templated":true}]}}