{"id":14602,"date":"2024-04-29T16:20:31","date_gmt":"2024-04-29T14:20:31","guid":{"rendered":"https:\/\/www.charmig.nl\/?post_type=product&#038;p=14602"},"modified":"2026-04-23T09:36:14","modified_gmt":"2026-04-23T07:36:14","slug":"vintage-eettafel-xxxl-teak-uitschuifbaar-325-cm","status":"publish","type":"product","link":"https:\/\/www.charmig.nl\/fr\/product\/archief\/vintage-eettafel-xxxl-teak-uitschuifbaar-325-cm\/","title":{"rendered":"Table de salle \u00e0 manger vintage XXXL | Teck | extensible | 325 cm"},"content":{"rendered":"","protected":false},"excerpt":{"rendered":"Num\u00e9ro d'article : 211212\r\n\r\nCette table de salle \u00e0 manger danoise est tout \u00e0 fait unique ! Nous n'avons jamais eu une table de salle \u00e0 manger aussi grande. Cette table de salle \u00e0 manger vintage a pas moins de 4 feuilles interm\u00e9diaires. Cela permet d'accueillir 10 personnes. Cette table ronde (mod\u00e8le 62) a \u00e9t\u00e9 con\u00e7ue par Henning Kjearnulf et produite par Sor\u00f8 Stolefabriken. La table de salle \u00e0 manger est fabriqu\u00e9e en teck et peut \u00eatre allong\u00e9e \u00e0 l'aide de quatre allonges interm\u00e9diaires pour devenir ovale. Les plateaux de table ne pr\u00e9sentent pratiquement aucune d\u00e9coloration. Lorsque la table est rallong\u00e9e, il est possible d'abaisser un pied suppl\u00e9mentaire au milieu pour plus de solidit\u00e9.\r\n\r\nP\u00e9riode de cr\u00e9ation : 1950-1960\r\nStyle : Mid century modern, Scandinavian design\r\n\u00c9tat : En tr\u00e8s bon \u00e9tat. Le plateau pr\u00e9sente quelques tr\u00e8s l\u00e9g\u00e8res traces d'utilisation correspondant \u00e0 son \u00e2ge.\r\n\r\nLes dimensions\r\nDiam\u00e8tre : 125 cm\r\nD\u00e9ploy\u00e9 avec 1 plateau : 175 cm\r\nD\u00e9ploy\u00e9 avec 2 vantaux : 225 cm\r\nRallong\u00e9 avec 3 vantaux : 275 cm\r\nD\u00e9ploy\u00e9 avec 4 plateaux : 325 cm\r\nHauteur : 73 cm","protected":false},"featured_media":14626,"template":"","meta":{"_acf_changed":false},"product_brand":[],"product_cat":[103],"product_tag":[],"class_list":{"0":"post-14602","1":"product","2":"type-product","3":"status-publish","4":"has-post-thumbnail","6":"product_cat-archief","7":"product_shipping_class-koerier","9":"first","10":"outofstock","11":"shipping-taxable","12":"product-type-simple"},"composite_virtual":false,"composite_layout":"","composite_add_to_cart_form_location":"","composite_editable_in_cart":false,"composite_sold_individually_context":"","composite_shop_price_calc":"","composite_components":[],"composite_scenarios":[],"exclude_global_add_ons":[],"addons":[],"acf":[],"yoast_head":null,"yoast_head_json":null,"_links":{"self":[{"href":"https:\/\/www.charmig.nl\/fr\/wp-json\/wp\/v2\/product\/14602","targetHints":{"allow":["GET"]}}],"collection":[{"href":"https:\/\/www.charmig.nl\/fr\/wp-json\/wp\/v2\/product"}],"about":[{"href":"https:\/\/www.charmig.nl\/fr\/wp-json\/wp\/v2\/types\/product"}],"wp:featuredmedia":[{"embeddable":true,"href":"https:\/\/www.charmig.nl\/fr\/wp-json\/wp\/v2\/media\/14626"}],"wp:attachment":[{"href":"https:\/\/www.charmig.nl\/fr\/wp-json\/wp\/v2\/media?parent=14602"}],"wp:term":[{"taxonomy":"product_brand","embeddable":true,"href":"https:\/\/www.charmig.nl\/fr\/wp-json\/wp\/v2\/product_brand?post=14602"},{"taxonomy":"product_cat","embeddable":true,"href":"https:\/\/www.charmig.nl\/fr\/wp-json\/wp\/v2\/product_cat?post=14602"},{"taxonomy":"product_tag","embeddable":true,"href":"https:\/\/www.charmig.nl\/fr\/wp-json\/wp\/v2\/product_tag?post=14602"}],"curies":[{"name":"wp","href":"https:\/\/api.w.org\/{rel}","templated":true}]}}