{"id":14665,"date":"2024-05-06T11:31:16","date_gmt":"2024-05-06T09:31:16","guid":{"rendered":"https:\/\/www.charmig.nl\/?post_type=product&#038;p=14665"},"modified":"2026-04-23T09:36:14","modified_gmt":"2026-04-23T07:36:14","slug":"2-x-niels-otto-moller-eetkamerstoelen-model-56-eiken-gerestaureerd","status":"publish","type":"product","link":"https:\/\/www.charmig.nl\/fr\/produit\/archives\/2-x-niels-otto-moller-eetkamerstoelen-model-56-eiken-gerestaureerd\/","title":{"rendered":"2 x chaises de salle \u00e0 manger Niels Otto Moller | Mod\u00e8le 56 | Ch\u00eane | Restaur\u00e9"},"content":{"rendered":"","protected":false},"excerpt":{"rendered":"Artikelnummer: 211175\r\n\r\nSet van 2 prachtige, exclusieve vintage eetkamerstoelen. Deze stoelen zijn ontworpen door Niels Otto M\u00f8ller, model 56. De stoelen zijn uitgevoerd in eiken en voorzien van nieuw Deens Papercord. De frames van de stoelen zijn opnieuw afgewerkt met Deense zeep.\r\n\r\nOntwerp periode: 1950 &#8211; 1960\r\nStijl: Mid century modern &#8211; Deens design &#8211; Scandinavisch design\r\nMateriaal: Eikenhout, Deens papercord\r\nConditie: Gerestaureerd, frames nagekeken en voorzien van nieuw papercord\r\nOntwerper: Niels Otto M\u00f8ller\r\nFabrikant: JL Mollers Mobelfabrik\r\n\r\nAfmetingen:\r\nHoogte: 76 cm\r\nZithoogte: 44 cm\r\nBreedte: 58 cm\r\nDiepte: 51 cm\r\nHoogte armleuningen: 65 cm","protected":false},"featured_media":14669,"template":"","meta":{"_acf_changed":false},"product_brand":[],"product_cat":[103],"product_tag":[],"class_list":{"0":"post-14665","1":"product","2":"type-product","3":"status-publish","4":"has-post-thumbnail","6":"product_cat-archief","7":"product_shipping_class-koerier","9":"first","10":"outofstock","11":"shipping-taxable","12":"product-type-simple"},"composite_virtual":false,"composite_layout":"","composite_add_to_cart_form_location":"","composite_editable_in_cart":false,"composite_sold_individually_context":"","composite_shop_price_calc":"","composite_components":[],"composite_scenarios":[],"exclude_global_add_ons":[],"addons":[],"acf":[],"yoast_head":null,"yoast_head_json":null,"_links":{"self":[{"href":"https:\/\/www.charmig.nl\/fr\/wp-json\/wp\/v2\/product\/14665","targetHints":{"allow":["GET"]}}],"collection":[{"href":"https:\/\/www.charmig.nl\/fr\/wp-json\/wp\/v2\/product"}],"about":[{"href":"https:\/\/www.charmig.nl\/fr\/wp-json\/wp\/v2\/types\/product"}],"wp:featuredmedia":[{"embeddable":true,"href":"https:\/\/www.charmig.nl\/fr\/wp-json\/wp\/v2\/media\/14669"}],"wp:attachment":[{"href":"https:\/\/www.charmig.nl\/fr\/wp-json\/wp\/v2\/media?parent=14665"}],"wp:term":[{"taxonomy":"product_brand","embeddable":true,"href":"https:\/\/www.charmig.nl\/fr\/wp-json\/wp\/v2\/product_brand?post=14665"},{"taxonomy":"product_cat","embeddable":true,"href":"https:\/\/www.charmig.nl\/fr\/wp-json\/wp\/v2\/product_cat?post=14665"},{"taxonomy":"product_tag","embeddable":true,"href":"https:\/\/www.charmig.nl\/fr\/wp-json\/wp\/v2\/product_tag?post=14665"}],"curies":[{"name":"wp","href":"https:\/\/api.w.org\/{rel}","templated":true}]}}