{"id":14740,"date":"2024-05-13T19:54:27","date_gmt":"2024-05-13T17:54:27","guid":{"rendered":"https:\/\/www.charmig.nl\/?post_type=product&#038;p=14740"},"modified":"2026-02-24T09:01:35","modified_gmt":"2026-02-24T08:01:35","slug":"vintage-dressoir-teak-bramin-h-w-klein-225-cm-3","status":"publish","type":"product","link":"https:\/\/www.charmig.nl\/fr\/produit\/archives\/vintage-dressoir-teak-bramin-h-w-klein-225-cm-3\/","title":{"rendered":"Buffet vintage | Teck | Bramin | H.W. Klein | 225 cm"},"content":{"rendered":"","protected":false},"excerpt":{"rendered":"Num\u00e9ro d'article : 211222\r\n\r\nMagnifique meuble vintage con\u00e7u par H.W. Klein pour Bramin Danemark dans les ann\u00e9es 1960. Ce buffet vintage a une belle couleur de bois et est d'une qualit\u00e9 tr\u00e8s solide et en bon \u00e9tat. Le meuble pr\u00e9sente de l\u00e9g\u00e8res traces d'utilisation.\r\n\r\nP\u00e9riode de cr\u00e9ation : 1950-1960\r\nStyle : moderne du milieu du si\u00e8cle, design scandinave\r\nMat\u00e9riau : Teck\r\nCondition : En bon \u00e9tat, voir photos.\r\nDesigner : H.W. Klein for Bramin\r\n\r\nDimensions : Largeur : 225 cm :\r\nLargeur : 225 cm\r\nHauteur : 79 cm\r\nProfondeur : 45 cm","protected":false},"featured_media":14747,"template":"","meta":{"_acf_changed":false},"product_brand":[],"product_cat":[103],"product_tag":[],"class_list":{"0":"post-14740","1":"product","2":"type-product","3":"status-publish","4":"has-post-thumbnail","6":"product_cat-archief","7":"product_shipping_class-koerier","9":"first","10":"outofstock","11":"shipping-taxable","12":"purchasable","13":"product-type-simple"},"composite_virtual":false,"composite_layout":"","composite_add_to_cart_form_location":"","composite_editable_in_cart":false,"composite_sold_individually_context":"","composite_shop_price_calc":"","composite_components":[],"composite_scenarios":[],"exclude_global_add_ons":[],"addons":[],"acf":[],"yoast_head":null,"yoast_head_json":null,"_links":{"self":[{"href":"https:\/\/www.charmig.nl\/fr\/wp-json\/wp\/v2\/product\/14740","targetHints":{"allow":["GET"]}}],"collection":[{"href":"https:\/\/www.charmig.nl\/fr\/wp-json\/wp\/v2\/product"}],"about":[{"href":"https:\/\/www.charmig.nl\/fr\/wp-json\/wp\/v2\/types\/product"}],"wp:featuredmedia":[{"embeddable":true,"href":"https:\/\/www.charmig.nl\/fr\/wp-json\/wp\/v2\/media\/14747"}],"wp:attachment":[{"href":"https:\/\/www.charmig.nl\/fr\/wp-json\/wp\/v2\/media?parent=14740"}],"wp:term":[{"taxonomy":"product_brand","embeddable":true,"href":"https:\/\/www.charmig.nl\/fr\/wp-json\/wp\/v2\/product_brand?post=14740"},{"taxonomy":"product_cat","embeddable":true,"href":"https:\/\/www.charmig.nl\/fr\/wp-json\/wp\/v2\/product_cat?post=14740"},{"taxonomy":"product_tag","embeddable":true,"href":"https:\/\/www.charmig.nl\/fr\/wp-json\/wp\/v2\/product_tag?post=14740"}],"curies":[{"name":"wp","href":"https:\/\/api.w.org\/{rel}","templated":true}]}}