{"id":14758,"date":"2024-05-15T19:26:52","date_gmt":"2024-05-15T17:26:52","guid":{"rendered":"https:\/\/www.charmig.nl\/?post_type=product&#038;p=14758"},"modified":"2026-04-23T09:36:15","modified_gmt":"2026-04-23T07:36:15","slug":"vintage-dressoir-teak-arne-vodder-dyrlund-220-cm","status":"publish","type":"product","link":"https:\/\/www.charmig.nl\/fr\/product\/archief\/vintage-dressoir-teak-arne-vodder-dyrlund-220-cm\/","title":{"rendered":"Buffet vintage | Teck | Arne Vodder | Dyrlund | 220 cm"},"content":{"rendered":"","protected":false},"excerpt":{"rendered":"Num\u00e9ro d'article : 211224\r\n\r\nCe buffet vintage en teck, vraisemblablement con\u00e7u par Arne Vodder pour la c\u00e9l\u00e8bre marque Dyrlund, est une v\u00e9ritable pi\u00e8ce ma\u00eetresse de 1960. Avec ses lignes \u00e9pur\u00e9es et sa fabrication artisanale, ce meuble danois d\u00e9gage une \u00e9l\u00e9gance intemporelle. Le buffet offre \u00e0 la fois style et fonctionnalit\u00e9, parfait pour les amateurs de design du milieu du si\u00e8cle. Ajoutez un peu d'histoire \u00e0 votre int\u00e9rieur avec ce meuble unique et soigneusement conserv\u00e9.\r\n\r\nP\u00e9riode de cr\u00e9ation : 1950-1960\r\nStyle : moderne du milieu du si\u00e8cle, design scandinave\r\nMat\u00e9riau : Teck\r\nCondition : En bon \u00e9tat, la porte droite a \u00e9t\u00e9 r\u00e9par\u00e9e \u00e0 deux endroits.\r\nDesigner : probablement Arne Vodder pour Dyrlund\r\n\r\nDimensions : Largeur : 220 cm\r\nLargeur : 220 cm\r\nHauteur : 80 cm\r\nProfondeur : 47 cm","protected":false},"featured_media":14775,"template":"","meta":{"_acf_changed":false},"product_brand":[],"product_cat":[103],"product_tag":[],"class_list":{"0":"post-14758","1":"product","2":"type-product","3":"status-publish","4":"has-post-thumbnail","6":"product_cat-archief","7":"product_shipping_class-koerier","9":"first","10":"outofstock","11":"shipping-taxable","12":"purchasable","13":"product-type-simple"},"composite_virtual":false,"composite_layout":"","composite_add_to_cart_form_location":"","composite_editable_in_cart":false,"composite_sold_individually_context":"","composite_shop_price_calc":"","composite_components":[],"composite_scenarios":[],"exclude_global_add_ons":[],"addons":[],"acf":[],"yoast_head":null,"yoast_head_json":null,"_links":{"self":[{"href":"https:\/\/www.charmig.nl\/fr\/wp-json\/wp\/v2\/product\/14758","targetHints":{"allow":["GET"]}}],"collection":[{"href":"https:\/\/www.charmig.nl\/fr\/wp-json\/wp\/v2\/product"}],"about":[{"href":"https:\/\/www.charmig.nl\/fr\/wp-json\/wp\/v2\/types\/product"}],"wp:featuredmedia":[{"embeddable":true,"href":"https:\/\/www.charmig.nl\/fr\/wp-json\/wp\/v2\/media\/14775"}],"wp:attachment":[{"href":"https:\/\/www.charmig.nl\/fr\/wp-json\/wp\/v2\/media?parent=14758"}],"wp:term":[{"taxonomy":"product_brand","embeddable":true,"href":"https:\/\/www.charmig.nl\/fr\/wp-json\/wp\/v2\/product_brand?post=14758"},{"taxonomy":"product_cat","embeddable":true,"href":"https:\/\/www.charmig.nl\/fr\/wp-json\/wp\/v2\/product_cat?post=14758"},{"taxonomy":"product_tag","embeddable":true,"href":"https:\/\/www.charmig.nl\/fr\/wp-json\/wp\/v2\/product_tag?post=14758"}],"curies":[{"name":"wp","href":"https:\/\/api.w.org\/{rel}","templated":true}]}}