{"id":14851,"date":"2024-06-11T19:04:54","date_gmt":"2024-06-11T17:04:54","guid":{"rendered":"https:\/\/www.charmig.nl\/?post_type=product&#038;p=14851"},"modified":"2026-04-23T09:36:15","modified_gmt":"2026-04-23T07:36:15","slug":"vintage-dressoir-teak-deens-design-200-cm","status":"publish","type":"product","link":"https:\/\/www.charmig.nl\/fr\/product\/archief\/vintage-dressoir-teak-deens-design-200-cm\/","title":{"rendered":"Buffet vintage | Teck | Design danois | 200 cm"},"content":{"rendered":"","protected":false},"excerpt":{"rendered":"Num\u00e9ro d'article : 211226\r\n\r\nCe buffet vintage en teck, qui aurait \u00e9t\u00e9 con\u00e7u par Arne Hovmand Olsen, est une v\u00e9ritable pi\u00e8ce ma\u00eetresse des ann\u00e9es 1960. Gr\u00e2ce \u00e0 son design inhabituel et \u00e0 sa fabrication artisanale, ce meuble danois d\u00e9gage une \u00e9l\u00e9gance intemporelle. Le buffet vintage offre \u00e0 la fois style et fonctionnalit\u00e9, parfait pour les amateurs de design du milieu du si\u00e8cle. En somme, un beau meuble design, en provenance du Danemark !\r\n\r\nP\u00e9riode de cr\u00e9ation : 1950-1960\r\nStyle : moderne du milieu du si\u00e8cle, design scandinave\r\nMat\u00e9riau : Teck\r\n\u00c9tat : En bon \u00e9tat\r\nDesigner : Probablement Arne Hovmand Olsen\r\n\r\nDimensions : Largeur : 200 cm\r\nLargeur : 200 cm\r\nHauteur : 75 cm\r\nProfondeur : 45 cm","protected":false},"featured_media":14852,"template":"","meta":{"_acf_changed":false},"product_brand":[],"product_cat":[103],"product_tag":[],"class_list":{"0":"post-14851","1":"product","2":"type-product","3":"status-publish","4":"has-post-thumbnail","6":"product_cat-archief","7":"product_shipping_class-koerier","9":"first","10":"outofstock","11":"shipping-taxable","12":"product-type-simple"},"composite_virtual":false,"composite_layout":"","composite_add_to_cart_form_location":"","composite_editable_in_cart":false,"composite_sold_individually_context":"","composite_shop_price_calc":"","composite_components":[],"composite_scenarios":[],"exclude_global_add_ons":[],"addons":[],"acf":[],"yoast_head":null,"yoast_head_json":null,"_links":{"self":[{"href":"https:\/\/www.charmig.nl\/fr\/wp-json\/wp\/v2\/product\/14851","targetHints":{"allow":["GET"]}}],"collection":[{"href":"https:\/\/www.charmig.nl\/fr\/wp-json\/wp\/v2\/product"}],"about":[{"href":"https:\/\/www.charmig.nl\/fr\/wp-json\/wp\/v2\/types\/product"}],"wp:featuredmedia":[{"embeddable":true,"href":"https:\/\/www.charmig.nl\/fr\/wp-json\/wp\/v2\/media\/14852"}],"wp:attachment":[{"href":"https:\/\/www.charmig.nl\/fr\/wp-json\/wp\/v2\/media?parent=14851"}],"wp:term":[{"taxonomy":"product_brand","embeddable":true,"href":"https:\/\/www.charmig.nl\/fr\/wp-json\/wp\/v2\/product_brand?post=14851"},{"taxonomy":"product_cat","embeddable":true,"href":"https:\/\/www.charmig.nl\/fr\/wp-json\/wp\/v2\/product_cat?post=14851"},{"taxonomy":"product_tag","embeddable":true,"href":"https:\/\/www.charmig.nl\/fr\/wp-json\/wp\/v2\/product_tag?post=14851"}],"curies":[{"name":"wp","href":"https:\/\/api.w.org\/{rel}","templated":true}]}}