{"id":14909,"date":"2024-06-20T15:28:35","date_gmt":"2024-06-20T13:28:35","guid":{"rendered":"https:\/\/www.charmig.nl\/?post_type=product&#038;p=14909"},"modified":"2026-04-23T09:36:16","modified_gmt":"2026-04-23T07:36:16","slug":"vintage-eettafel-palissander-rond-110-tot-220-cm","status":"publish","type":"product","link":"https:\/\/www.charmig.nl\/fr\/product\/archief\/vintage-eettafel-palissander-rond-110-tot-220-cm\/","title":{"rendered":"Table de salle \u00e0 manger ronde extensible vintage | Bois de rose | 110 \u00e0 220 cm"},"content":{"rendered":"","protected":false},"excerpt":{"rendered":"Num\u00e9ro d'article : 211229\r\n\r\nCette table de salle \u00e0 manger danoise est incroyablement pratique et peut \u00eatre agrandie. Les feuilles suppl\u00e9mentaires transforment la table \u00e0 manger vintage ronde et pratique en une belle table ovale \u00e0 laquelle vous pouvez d\u00eener avec environ 8 personnes. La table extensible est dot\u00e9e de deux feuilles suppl\u00e9mentaires, mais peut \u00e9galement \u00eatre utilis\u00e9e sans feuilles ou avec une seule feuille. La table se distingue par son magnifique motif en bois de rose et ses pieds \u00e9l\u00e9gants. Au fil des ans, la table est devenue l\u00e9g\u00e8rement plus claire et l'une des deux rallonges est donc l\u00e9g\u00e8rement plus fonc\u00e9e.\r\n\r\nP\u00e9riode de cr\u00e9ation : 1950-1960\r\nStyle : moderne du milieu du si\u00e8cle, design scandinave\r\nCondition : En bon \u00e9tat. D\u00e9coloration sur la rallonge.\r\nDesigner : C.J Rosengaarden\r\n\r\nDimensions de la table\r\nDiam\u00e8tre : 110 cm\r\nRallong\u00e9 avec 1 plateau : 165 cm\r\nD\u00e9ploy\u00e9 avec 2 feuilles : 220 cm\r\nHauteur : 73 cm","protected":false},"featured_media":14912,"template":"","meta":{"_acf_changed":false},"product_brand":[],"product_cat":[103],"product_tag":[],"class_list":{"0":"post-14909","1":"product","2":"type-product","3":"status-publish","4":"has-post-thumbnail","6":"product_cat-archief","7":"product_shipping_class-koerier","9":"first","10":"outofstock","11":"shipping-taxable","12":"purchasable","13":"product-type-simple"},"composite_virtual":false,"composite_layout":"","composite_add_to_cart_form_location":"","composite_editable_in_cart":false,"composite_sold_individually_context":"","composite_shop_price_calc":"","composite_components":[],"composite_scenarios":[],"exclude_global_add_ons":[],"addons":[],"acf":[],"yoast_head":null,"yoast_head_json":null,"_links":{"self":[{"href":"https:\/\/www.charmig.nl\/fr\/wp-json\/wp\/v2\/product\/14909","targetHints":{"allow":["GET"]}}],"collection":[{"href":"https:\/\/www.charmig.nl\/fr\/wp-json\/wp\/v2\/product"}],"about":[{"href":"https:\/\/www.charmig.nl\/fr\/wp-json\/wp\/v2\/types\/product"}],"wp:featuredmedia":[{"embeddable":true,"href":"https:\/\/www.charmig.nl\/fr\/wp-json\/wp\/v2\/media\/14912"}],"wp:attachment":[{"href":"https:\/\/www.charmig.nl\/fr\/wp-json\/wp\/v2\/media?parent=14909"}],"wp:term":[{"taxonomy":"product_brand","embeddable":true,"href":"https:\/\/www.charmig.nl\/fr\/wp-json\/wp\/v2\/product_brand?post=14909"},{"taxonomy":"product_cat","embeddable":true,"href":"https:\/\/www.charmig.nl\/fr\/wp-json\/wp\/v2\/product_cat?post=14909"},{"taxonomy":"product_tag","embeddable":true,"href":"https:\/\/www.charmig.nl\/fr\/wp-json\/wp\/v2\/product_tag?post=14909"}],"curies":[{"name":"wp","href":"https:\/\/api.w.org\/{rel}","templated":true}]}}