{"id":15126,"date":"2024-07-09T12:23:39","date_gmt":"2024-07-09T10:23:39","guid":{"rendered":"https:\/\/www.charmig.nl\/?post_type=product&#038;p=15126"},"modified":"2026-02-24T09:01:38","modified_gmt":"2026-02-24T08:01:38","slug":"vintage-dressoir-teak-229-cm","status":"publish","type":"product","link":"https:\/\/www.charmig.nl\/fr\/produit\/archives\/vintage-dressoir-teak-229-cm\/","title":{"rendered":"Buffet vintage | teck | 229 cm"},"content":{"rendered":"","protected":false},"excerpt":{"rendered":"Num\u00e9ro d'article : 211156\r\n\r\nBuffet vintage tr\u00e8s g\u00e9n\u00e9reux con\u00e7u dans les ann\u00e9es 1960. L'armoire vintage a une couleur de bois chaude et de tr\u00e8s belles poign\u00e9es sur les tiroirs. L'armoire offre beaucoup d'espace de rangement pratique et ajoute beaucoup d'ambiance \u00e0 n'importe quel int\u00e9rieur !\r\n\r\nP\u00e9riode de cr\u00e9ation : 1950-1960\r\nStyle : Mid century modern\r\nMat\u00e9riau : Teck\r\nCondition : En bon \u00e9tat vintage, avec des signes d'utilisation correspondant \u00e0 l'\u00e2ge du meuble et quelques r\u00e9parations mineures. La base n'est pas d'origine\r\nDesigner : Inconnu\r\n\r\nLes dimensions\r\nLargeur : 229 cm\r\nProfondeur : 43 cm\r\nHauteur : 80 cm","protected":false},"featured_media":15127,"template":"","meta":{"_acf_changed":false},"product_brand":[],"product_cat":[103],"product_tag":[],"class_list":{"0":"post-15126","1":"product","2":"type-product","3":"status-publish","4":"has-post-thumbnail","6":"product_cat-archief","7":"product_shipping_class-koerier","9":"first","10":"outofstock","11":"shipping-taxable","12":"product-type-simple"},"composite_virtual":false,"composite_layout":"","composite_add_to_cart_form_location":"","composite_editable_in_cart":false,"composite_sold_individually_context":"","composite_shop_price_calc":"","composite_components":[],"composite_scenarios":[],"exclude_global_add_ons":[],"addons":[],"acf":[],"yoast_head":null,"yoast_head_json":null,"_links":{"self":[{"href":"https:\/\/www.charmig.nl\/fr\/wp-json\/wp\/v2\/product\/15126","targetHints":{"allow":["GET"]}}],"collection":[{"href":"https:\/\/www.charmig.nl\/fr\/wp-json\/wp\/v2\/product"}],"about":[{"href":"https:\/\/www.charmig.nl\/fr\/wp-json\/wp\/v2\/types\/product"}],"wp:featuredmedia":[{"embeddable":true,"href":"https:\/\/www.charmig.nl\/fr\/wp-json\/wp\/v2\/media\/15127"}],"wp:attachment":[{"href":"https:\/\/www.charmig.nl\/fr\/wp-json\/wp\/v2\/media?parent=15126"}],"wp:term":[{"taxonomy":"product_brand","embeddable":true,"href":"https:\/\/www.charmig.nl\/fr\/wp-json\/wp\/v2\/product_brand?post=15126"},{"taxonomy":"product_cat","embeddable":true,"href":"https:\/\/www.charmig.nl\/fr\/wp-json\/wp\/v2\/product_cat?post=15126"},{"taxonomy":"product_tag","embeddable":true,"href":"https:\/\/www.charmig.nl\/fr\/wp-json\/wp\/v2\/product_tag?post=15126"}],"curies":[{"name":"wp","href":"https:\/\/api.w.org\/{rel}","templated":true}]}}