{"id":15141,"date":"2024-07-09T13:54:01","date_gmt":"2024-07-09T11:54:01","guid":{"rendered":"https:\/\/www.charmig.nl\/?post_type=product&#038;p=15141"},"modified":"2026-04-23T09:36:17","modified_gmt":"2026-04-23T07:36:17","slug":"vintage-secretaire-borge-mogensen-teak-100-cm","status":"publish","type":"product","link":"https:\/\/www.charmig.nl\/fr\/product\/archief\/vintage-secretaire-borge-mogensen-teak-100-cm\/","title":{"rendered":"Secretaire vintage | Borge Mogensen | Teck | 100 cm"},"content":{"rendered":"","protected":false},"excerpt":{"rendered":"Num\u00e9ro d'article : 211232\r\n\r\nD\u00e9couvrez l'\u00e9l\u00e9gance intemporelle de ce secr\u00e9taire vintage con\u00e7u par Borge Mogensen au Danemark. Ce meuble vintage allie fonctionnalit\u00e9 et style gr\u00e2ce \u00e0 son beau design, son espace de rangement pratique et sa finition en bois de haute qualit\u00e9. Parfait pour un espace de travail \u00e9l\u00e9gant ou comme \u00e9l\u00e9ment d\u00e9coratif dans un int\u00e9rieur !\r\n\r\nP\u00e9riode de conception : 1960-1970\r\nStyle : Mid century modern,Vintage, scandinavian design\r\nCondition : En bon \u00e9tat, le plateau d\u00e9pliable a une marque de br\u00fblure \u00e0 l'int\u00e9rieur.\r\nDesigner : B\u00f8rge Mogensen for S\u00f8borg M\u00f8belfabrik\r\n\r\nLes dimensions\r\nLargeur : 100 cm\r\nHauteur : 120 cm\r\nProfondeur de la partie inf\u00e9rieure : 47 cm","protected":false},"featured_media":15143,"template":"","meta":{"_acf_changed":false},"product_brand":[],"product_cat":[103],"product_tag":[],"class_list":{"0":"post-15141","1":"product","2":"type-product","3":"status-publish","4":"has-post-thumbnail","6":"product_cat-archief","7":"product_shipping_class-koerier","9":"first","10":"outofstock","11":"shipping-taxable","12":"product-type-simple"},"composite_virtual":false,"composite_layout":"","composite_add_to_cart_form_location":"","composite_editable_in_cart":false,"composite_sold_individually_context":"","composite_shop_price_calc":"","composite_components":[],"composite_scenarios":[],"exclude_global_add_ons":[],"addons":[],"acf":[],"yoast_head":null,"yoast_head_json":null,"_links":{"self":[{"href":"https:\/\/www.charmig.nl\/fr\/wp-json\/wp\/v2\/product\/15141","targetHints":{"allow":["GET"]}}],"collection":[{"href":"https:\/\/www.charmig.nl\/fr\/wp-json\/wp\/v2\/product"}],"about":[{"href":"https:\/\/www.charmig.nl\/fr\/wp-json\/wp\/v2\/types\/product"}],"wp:featuredmedia":[{"embeddable":true,"href":"https:\/\/www.charmig.nl\/fr\/wp-json\/wp\/v2\/media\/15143"}],"wp:attachment":[{"href":"https:\/\/www.charmig.nl\/fr\/wp-json\/wp\/v2\/media?parent=15141"}],"wp:term":[{"taxonomy":"product_brand","embeddable":true,"href":"https:\/\/www.charmig.nl\/fr\/wp-json\/wp\/v2\/product_brand?post=15141"},{"taxonomy":"product_cat","embeddable":true,"href":"https:\/\/www.charmig.nl\/fr\/wp-json\/wp\/v2\/product_cat?post=15141"},{"taxonomy":"product_tag","embeddable":true,"href":"https:\/\/www.charmig.nl\/fr\/wp-json\/wp\/v2\/product_tag?post=15141"}],"curies":[{"name":"wp","href":"https:\/\/api.w.org\/{rel}","templated":true}]}}