{"id":15217,"date":"2024-07-09T15:11:43","date_gmt":"2024-07-09T13:11:43","guid":{"rendered":"https:\/\/www.charmig.nl\/?post_type=product&#038;p=15217"},"modified":"2026-04-23T09:36:18","modified_gmt":"2026-04-23T07:36:18","slug":"vintage-boekenkast-teak-1960s","status":"publish","type":"product","link":"https:\/\/www.charmig.nl\/fr\/product\/archief\/vintage-boekenkast-teak-1960s\/","title":{"rendered":"Biblioth\u00e8que vintage | Bois de rose | 1960s"},"content":{"rendered":"","protected":false},"excerpt":{"rendered":"Ajoutez l'\u00e9l\u00e9gance danoise \u00e0 votre int\u00e9rieur avec la biblioth\u00e8que vintage en bois de rose des ann\u00e9es 1960. Avec son design \u00e9pur\u00e9, elle offre \u00e0 la fois style et fonctionnalit\u00e9. Parfaite pour ranger des livres ou exposer des objets d\u00e9coratifs !\r\n\r\nP\u00e9riode de cr\u00e9ation : 1950-1960\r\nStyle : Moderne du milieu du si\u00e8cle - Design danois\r\nMat\u00e9riau : Bois de rose\r\n\u00c9tat : En bon \u00e9tat\r\n\r\nDimensions du meuble\r\nHauteur : 145 cm\r\nLargeur : 143 cm\r\nProfondeur : 25 cm\r\n\r\nNum\u00e9ro d'article : 211730","protected":false},"featured_media":22674,"template":"","meta":{"_acf_changed":false},"product_brand":[],"product_cat":[103],"product_tag":[539],"class_list":{"0":"post-15217","1":"product","2":"type-product","3":"status-publish","4":"has-post-thumbnail","6":"product_cat-archief","7":"product_tag-verkocht","8":"product_shipping_class-koerier","10":"first","11":"outofstock","12":"shipping-taxable","13":"purchasable","14":"product-type-simple"},"composite_virtual":false,"composite_layout":"","composite_add_to_cart_form_location":"","composite_editable_in_cart":false,"composite_sold_individually_context":"","composite_shop_price_calc":"","composite_components":[],"composite_scenarios":[],"exclude_global_add_ons":[],"addons":[],"acf":[],"yoast_head":null,"yoast_head_json":null,"_links":{"self":[{"href":"https:\/\/www.charmig.nl\/fr\/wp-json\/wp\/v2\/product\/15217","targetHints":{"allow":["GET"]}}],"collection":[{"href":"https:\/\/www.charmig.nl\/fr\/wp-json\/wp\/v2\/product"}],"about":[{"href":"https:\/\/www.charmig.nl\/fr\/wp-json\/wp\/v2\/types\/product"}],"wp:featuredmedia":[{"embeddable":true,"href":"https:\/\/www.charmig.nl\/fr\/wp-json\/wp\/v2\/media\/22674"}],"wp:attachment":[{"href":"https:\/\/www.charmig.nl\/fr\/wp-json\/wp\/v2\/media?parent=15217"}],"wp:term":[{"taxonomy":"product_brand","embeddable":true,"href":"https:\/\/www.charmig.nl\/fr\/wp-json\/wp\/v2\/product_brand?post=15217"},{"taxonomy":"product_cat","embeddable":true,"href":"https:\/\/www.charmig.nl\/fr\/wp-json\/wp\/v2\/product_cat?post=15217"},{"taxonomy":"product_tag","embeddable":true,"href":"https:\/\/www.charmig.nl\/fr\/wp-json\/wp\/v2\/product_tag?post=15217"}],"curies":[{"name":"wp","href":"https:\/\/api.w.org\/{rel}","templated":true}]}}