{"id":15230,"date":"2024-07-16T12:21:36","date_gmt":"2024-07-16T10:21:36","guid":{"rendered":"https:\/\/www.charmig.nl\/?post_type=product&#038;p=15230"},"modified":"2026-04-23T09:36:18","modified_gmt":"2026-04-23T07:36:18","slug":"vintage-kast-deens-highboard-schuifdeuren-kai-kristiansen","status":"publish","type":"product","link":"https:\/\/www.charmig.nl\/fr\/product\/archief\/vintage-kast-deens-highboard-schuifdeuren-kai-kristiansen\/","title":{"rendered":"Armoire vintage | Highboard danois | Portes coulissantes | Kai Kristiansen"},"content":{"rendered":"","protected":false},"excerpt":{"rendered":"Num\u00e9ro d'article : 210245\r\n\r\nCe meuble haut vintage des ann\u00e9es 1960 de Kai Kristiansen combine un beau design danois \u00e9pur\u00e9 avec la fonctionnalit\u00e9. R\u00e9alis\u00e9 dans une magnifique couleur teck, ce meuble vintage respire l'\u00e9l\u00e9gance intemporelle. Le meuble offre un grand espace de rangement derri\u00e8re les portes coulissantes, avec 5 tiroirs sur la gauche. Un meuble embl\u00e9matique pour tout int\u00e9rieur !\r\n\r\n    P\u00e9riode de cr\u00e9ation : 1950 - 1960\r\n    Style : Mid century modern - Scandinavian design - Danish design\r\n    Mat\u00e9riau : Teck (placage)\r\n    Condition : en bon \u00e9tat\r\n    Pays d'origine : Danemark\r\n    Designer : Kai Kristiansen\r\n\r\n<strong>Dimensions : <\/strong>\r\nLargeur : 180 cm\r\nHauteur : 135 cm\r\nProfondeur : 45 cm","protected":false},"featured_media":15232,"template":"","meta":{"_acf_changed":false},"product_brand":[],"product_cat":[103],"product_tag":[],"class_list":{"0":"post-15230","1":"product","2":"type-product","3":"status-publish","4":"has-post-thumbnail","6":"product_cat-archief","7":"product_shipping_class-koerier","9":"first","10":"outofstock","11":"shipping-taxable","12":"purchasable","13":"product-type-simple"},"composite_virtual":false,"composite_layout":"","composite_add_to_cart_form_location":"","composite_editable_in_cart":false,"composite_sold_individually_context":"","composite_shop_price_calc":"","composite_components":[],"composite_scenarios":[],"exclude_global_add_ons":[],"addons":[],"acf":[],"yoast_head":null,"yoast_head_json":null,"_links":{"self":[{"href":"https:\/\/www.charmig.nl\/fr\/wp-json\/wp\/v2\/product\/15230","targetHints":{"allow":["GET"]}}],"collection":[{"href":"https:\/\/www.charmig.nl\/fr\/wp-json\/wp\/v2\/product"}],"about":[{"href":"https:\/\/www.charmig.nl\/fr\/wp-json\/wp\/v2\/types\/product"}],"wp:featuredmedia":[{"embeddable":true,"href":"https:\/\/www.charmig.nl\/fr\/wp-json\/wp\/v2\/media\/15232"}],"wp:attachment":[{"href":"https:\/\/www.charmig.nl\/fr\/wp-json\/wp\/v2\/media?parent=15230"}],"wp:term":[{"taxonomy":"product_brand","embeddable":true,"href":"https:\/\/www.charmig.nl\/fr\/wp-json\/wp\/v2\/product_brand?post=15230"},{"taxonomy":"product_cat","embeddable":true,"href":"https:\/\/www.charmig.nl\/fr\/wp-json\/wp\/v2\/product_cat?post=15230"},{"taxonomy":"product_tag","embeddable":true,"href":"https:\/\/www.charmig.nl\/fr\/wp-json\/wp\/v2\/product_tag?post=15230"}],"curies":[{"name":"wp","href":"https:\/\/api.w.org\/{rel}","templated":true}]}}