{"id":15260,"date":"2024-07-16T13:29:04","date_gmt":"2024-07-16T11:29:04","guid":{"rendered":"https:\/\/www.charmig.nl\/?post_type=product&#038;p=15260"},"modified":"2026-04-23T09:36:18","modified_gmt":"2026-04-23T07:36:18","slug":"vintage-archiefkast-kantoorkast-1960s-roldeuren","status":"publish","type":"product","link":"https:\/\/www.charmig.nl\/fr\/product\/archief\/vintage-archiefkast-kantoorkast-1960s-roldeuren\/","title":{"rendered":"Classeur vintage | armoire de bureau | 1960s | portes roulantes"},"content":{"rendered":"","protected":false},"excerpt":{"rendered":"Num\u00e9ro d'article : 211245\r\n\r\nCe classeur vintage danois des ann\u00e9es 1960 est id\u00e9al pour un bureau. Avec ses charmantes portes roulantes, il offre un espace de rangement \u00e9l\u00e9gant, et en m\u00eame temps beaucoup d'ambiance !  Derri\u00e8re la porte roulante de gauche se trouvent deux \u00e9tag\u00e8res, et derri\u00e8re celle de droite se trouvent tous les tiroirs s\u00e9par\u00e9s ; parfaits pour ranger les documents importants et les fournitures de bureau !\r\n\r\nAjoutez une touche de modernit\u00e9 du milieu du si\u00e8cle \u00e0 votre bureau (\u00e0 domicile) avec ce meuble vintage atmosph\u00e9rique !\r\n\r\nP\u00e9riode de conception : 1950-1960\r\nStyle : moderne du milieu du si\u00e8cle, vintage\r\nMat\u00e9riau : Teck\r\n\u00c9tat : En bon \u00e9tat\r\nMarque : Inconnue\r\n\r\nDimensions de l'objet :\r\nHauteur : 114 cm\r\nLargeur : 99 cm\r\nProfondeur : 38 cm","protected":false},"featured_media":15261,"template":"","meta":{"_acf_changed":false},"product_brand":[],"product_cat":[103],"product_tag":[],"class_list":{"0":"post-15260","1":"product","2":"type-product","3":"status-publish","4":"has-post-thumbnail","6":"product_cat-archief","7":"product_shipping_class-koerier","9":"first","10":"outofstock","11":"shipping-taxable","12":"product-type-simple"},"composite_virtual":false,"composite_layout":"","composite_add_to_cart_form_location":"","composite_editable_in_cart":false,"composite_sold_individually_context":"","composite_shop_price_calc":"","composite_components":[],"composite_scenarios":[],"exclude_global_add_ons":[],"addons":[],"acf":[],"yoast_head":null,"yoast_head_json":null,"_links":{"self":[{"href":"https:\/\/www.charmig.nl\/fr\/wp-json\/wp\/v2\/product\/15260","targetHints":{"allow":["GET"]}}],"collection":[{"href":"https:\/\/www.charmig.nl\/fr\/wp-json\/wp\/v2\/product"}],"about":[{"href":"https:\/\/www.charmig.nl\/fr\/wp-json\/wp\/v2\/types\/product"}],"wp:featuredmedia":[{"embeddable":true,"href":"https:\/\/www.charmig.nl\/fr\/wp-json\/wp\/v2\/media\/15261"}],"wp:attachment":[{"href":"https:\/\/www.charmig.nl\/fr\/wp-json\/wp\/v2\/media?parent=15260"}],"wp:term":[{"taxonomy":"product_brand","embeddable":true,"href":"https:\/\/www.charmig.nl\/fr\/wp-json\/wp\/v2\/product_brand?post=15260"},{"taxonomy":"product_cat","embeddable":true,"href":"https:\/\/www.charmig.nl\/fr\/wp-json\/wp\/v2\/product_cat?post=15260"},{"taxonomy":"product_tag","embeddable":true,"href":"https:\/\/www.charmig.nl\/fr\/wp-json\/wp\/v2\/product_tag?post=15260"}],"curies":[{"name":"wp","href":"https:\/\/api.w.org\/{rel}","templated":true}]}}