{"id":15310,"date":"2024-08-26T09:50:50","date_gmt":"2024-08-26T07:50:50","guid":{"rendered":"https:\/\/www.charmig.nl\/?post_type=product&#038;p=15310"},"modified":"2026-04-23T09:36:19","modified_gmt":"2026-04-23T07:36:19","slug":"vintage-kast-axel-christensen-aco-mobler-120-cm-2","status":"publish","type":"product","link":"https:\/\/www.charmig.nl\/fr\/product\/archief\/vintage-kast-axel-christensen-aco-mobler-120-cm-2\/","title":{"rendered":"Armoire vintage | Axel Christensen | Aco M\u00f8bler | 120 cm"},"content":{"rendered":"","protected":false},"excerpt":{"rendered":"Num\u00e9ro d'article : 211242\r\n\r\nCette superbe armoire murale vintage a \u00e9t\u00e9 con\u00e7ue par Axel Christensen pour Aco Mobler. L'armoire vintage est finie en teck. Un design intemporel avec beaucoup d'espace de rangement. L'armoire vintage a deux portes coulissantes, derri\u00e8re la porte gauche il y a 4 beaux tiroirs. En bas, il y a 2 tiroirs suppl\u00e9mentaires. Tous les tiroirs sont doubl\u00e9s d'un tissu gris.\r\n\r\nP\u00e9riode de cr\u00e9ation : 1950-1960\r\nStyle : Moderne du milieu du si\u00e8cle\r\nMat\u00e9riau : Teck (placage)\r\n\u00c9tat : En tr\u00e8s bon \u00e9tat\r\nDesigner : Axel Christensen pour Aco Mobler\r\n\r\nDimensions : Largeur : 120 cm\r\nLargeur : 120 cm\r\nProfondeur : 47 cm\r\nHauteur : 131 cm","protected":false},"featured_media":15319,"template":"","meta":{"_acf_changed":false},"product_brand":[],"product_cat":[103],"product_tag":[],"class_list":{"0":"post-15310","1":"product","2":"type-product","3":"status-publish","4":"has-post-thumbnail","6":"product_cat-archief","7":"product_shipping_class-koerier","9":"first","10":"outofstock","11":"shipping-taxable","12":"purchasable","13":"product-type-simple"},"composite_virtual":false,"composite_layout":"","composite_add_to_cart_form_location":"","composite_editable_in_cart":false,"composite_sold_individually_context":"","composite_shop_price_calc":"","composite_components":[],"composite_scenarios":[],"exclude_global_add_ons":[],"addons":[],"acf":[],"yoast_head":null,"yoast_head_json":null,"_links":{"self":[{"href":"https:\/\/www.charmig.nl\/fr\/wp-json\/wp\/v2\/product\/15310","targetHints":{"allow":["GET"]}}],"collection":[{"href":"https:\/\/www.charmig.nl\/fr\/wp-json\/wp\/v2\/product"}],"about":[{"href":"https:\/\/www.charmig.nl\/fr\/wp-json\/wp\/v2\/types\/product"}],"wp:featuredmedia":[{"embeddable":true,"href":"https:\/\/www.charmig.nl\/fr\/wp-json\/wp\/v2\/media\/15319"}],"wp:attachment":[{"href":"https:\/\/www.charmig.nl\/fr\/wp-json\/wp\/v2\/media?parent=15310"}],"wp:term":[{"taxonomy":"product_brand","embeddable":true,"href":"https:\/\/www.charmig.nl\/fr\/wp-json\/wp\/v2\/product_brand?post=15310"},{"taxonomy":"product_cat","embeddable":true,"href":"https:\/\/www.charmig.nl\/fr\/wp-json\/wp\/v2\/product_cat?post=15310"},{"taxonomy":"product_tag","embeddable":true,"href":"https:\/\/www.charmig.nl\/fr\/wp-json\/wp\/v2\/product_tag?post=15310"}],"curies":[{"name":"wp","href":"https:\/\/api.w.org\/{rel}","templated":true}]}}