{"id":15326,"date":"2024-08-26T10:12:46","date_gmt":"2024-08-26T08:12:46","guid":{"rendered":"https:\/\/www.charmig.nl\/?post_type=product&#038;p=15326"},"modified":"2026-04-23T09:36:19","modified_gmt":"2026-04-23T07:36:19","slug":"vintage-dressoir-teak-ib-kofod-larsen-210-cm","status":"publish","type":"product","link":"https:\/\/www.charmig.nl\/fr\/product\/archief\/vintage-dressoir-teak-ib-kofod-larsen-210-cm\/","title":{"rendered":"Buffet vintage | Teck | Ib Kofod Larsen | 210 cm"},"content":{"rendered":"","protected":false},"excerpt":{"rendered":"Num\u00e9ro d'article : 211243\r\n\r\nCe buffet vintage en teck du designer Ib Kofod-Larsen est un v\u00e9ritable plaisir pour les yeux. Un vrai classique des ann\u00e9es 1960. Le buffet est \u00e9l\u00e9gant et pratique. Vous y trouverez par exemple 2 portes roulantes et 4 tiroirs avec de belles poign\u00e9es. L'ensemble du buffet respire le luxe.\r\n\r\nP\u00e9riode de conception : 1950-1960\r\nStyle : moderne du milieu du si\u00e8cle, design scandinave, design danois\r\nMat\u00e9riau : Teck\r\nCondition : En bon \u00e9tat, quelques signes mineurs d'usure dus \u00e0 l'\u00e2ge.\r\nDesigner : Id Kofod-Larsen\r\n\r\nDimensions : Largeur : 210 cm\r\nLargeur : 210 cm\r\nHauteur : 86 cm\r\nProfondeur : 51 cm","protected":false},"featured_media":15341,"template":"","meta":{"_acf_changed":false},"product_brand":[],"product_cat":[103],"product_tag":[],"class_list":{"0":"post-15326","1":"product","2":"type-product","3":"status-publish","4":"has-post-thumbnail","6":"product_cat-archief","7":"product_shipping_class-koerier","9":"first","10":"outofstock","11":"shipping-taxable","12":"purchasable","13":"product-type-simple"},"composite_virtual":false,"composite_layout":"","composite_add_to_cart_form_location":"","composite_editable_in_cart":false,"composite_sold_individually_context":"","composite_shop_price_calc":"","composite_components":[],"composite_scenarios":[],"exclude_global_add_ons":[],"addons":[],"acf":[],"yoast_head":null,"yoast_head_json":null,"_links":{"self":[{"href":"https:\/\/www.charmig.nl\/fr\/wp-json\/wp\/v2\/product\/15326","targetHints":{"allow":["GET"]}}],"collection":[{"href":"https:\/\/www.charmig.nl\/fr\/wp-json\/wp\/v2\/product"}],"about":[{"href":"https:\/\/www.charmig.nl\/fr\/wp-json\/wp\/v2\/types\/product"}],"wp:featuredmedia":[{"embeddable":true,"href":"https:\/\/www.charmig.nl\/fr\/wp-json\/wp\/v2\/media\/15341"}],"wp:attachment":[{"href":"https:\/\/www.charmig.nl\/fr\/wp-json\/wp\/v2\/media?parent=15326"}],"wp:term":[{"taxonomy":"product_brand","embeddable":true,"href":"https:\/\/www.charmig.nl\/fr\/wp-json\/wp\/v2\/product_brand?post=15326"},{"taxonomy":"product_cat","embeddable":true,"href":"https:\/\/www.charmig.nl\/fr\/wp-json\/wp\/v2\/product_cat?post=15326"},{"taxonomy":"product_tag","embeddable":true,"href":"https:\/\/www.charmig.nl\/fr\/wp-json\/wp\/v2\/product_tag?post=15326"}],"curies":[{"name":"wp","href":"https:\/\/api.w.org\/{rel}","templated":true}]}}