{"id":15344,"date":"2024-08-26T10:30:46","date_gmt":"2024-08-26T08:30:46","guid":{"rendered":"https:\/\/www.charmig.nl\/?post_type=product&#038;p=15344"},"modified":"2026-02-24T09:01:41","modified_gmt":"2026-02-24T08:01:41","slug":"vintage-secretaire-arne-wahl-iversen-teak-93-cm","status":"publish","type":"product","link":"https:\/\/www.charmig.nl\/fr\/produit\/archives\/vintage-secretaire-arne-wahl-iversen-teak-93-cm\/","title":{"rendered":"Secr\u00e9taire vintage | Arne Wahl Iversen | Teck | 93 cm"},"content":{"rendered":"","protected":false},"excerpt":{"rendered":"Num\u00e9ro d'article : 211248\r\n\r\nVous cherchez un poste de travail \u00e9l\u00e9gant ou un meuble d\u00e9coratif ? Ce secr\u00e9taire vintage en teck est parfaitement adapt\u00e9. Le secr\u00e9taire a \u00e9t\u00e9 con\u00e7u par Arne Wahl Iversen, mod\u00e8le 88. El\u00e9gant et intemporel ! Derri\u00e8re l'abattant, vous trouverez 2 tiroirs et un espace de rangement pour les lettres, par exemple. Le secr\u00e9taire dispose \u00e9galement de 3 tiroirs pour un maximum de rangement.\r\n\r\nP\u00e9riode de conception : 1960-1970\r\nStyle : Mid century modern, vintage, scandinavian design\r\n\u00c9tat : En tr\u00e8s bon \u00e9tat\r\nDesigner : Arne Wahl Iversen\r\n\r\nLes dimensions\r\nLargeur : 93 cm\r\nHauteur : 110 cm\r\nProfondeur : 46 cm","protected":false},"featured_media":15348,"template":"","meta":{"_acf_changed":false},"product_brand":[],"product_cat":[103],"product_tag":[],"class_list":{"0":"post-15344","1":"product","2":"type-product","3":"status-publish","4":"has-post-thumbnail","6":"product_cat-archief","7":"product_shipping_class-koerier","9":"first","10":"outofstock","11":"shipping-taxable","12":"product-type-simple"},"composite_virtual":false,"composite_layout":"","composite_add_to_cart_form_location":"","composite_editable_in_cart":false,"composite_sold_individually_context":"","composite_shop_price_calc":"","composite_components":[],"composite_scenarios":[],"exclude_global_add_ons":[],"addons":[],"acf":[],"yoast_head":null,"yoast_head_json":null,"_links":{"self":[{"href":"https:\/\/www.charmig.nl\/fr\/wp-json\/wp\/v2\/product\/15344","targetHints":{"allow":["GET"]}}],"collection":[{"href":"https:\/\/www.charmig.nl\/fr\/wp-json\/wp\/v2\/product"}],"about":[{"href":"https:\/\/www.charmig.nl\/fr\/wp-json\/wp\/v2\/types\/product"}],"wp:featuredmedia":[{"embeddable":true,"href":"https:\/\/www.charmig.nl\/fr\/wp-json\/wp\/v2\/media\/15348"}],"wp:attachment":[{"href":"https:\/\/www.charmig.nl\/fr\/wp-json\/wp\/v2\/media?parent=15344"}],"wp:term":[{"taxonomy":"product_brand","embeddable":true,"href":"https:\/\/www.charmig.nl\/fr\/wp-json\/wp\/v2\/product_brand?post=15344"},{"taxonomy":"product_cat","embeddable":true,"href":"https:\/\/www.charmig.nl\/fr\/wp-json\/wp\/v2\/product_cat?post=15344"},{"taxonomy":"product_tag","embeddable":true,"href":"https:\/\/www.charmig.nl\/fr\/wp-json\/wp\/v2\/product_tag?post=15344"}],"curies":[{"name":"wp","href":"https:\/\/api.w.org\/{rel}","templated":true}]}}