{"id":15416,"date":"2024-08-26T12:22:00","date_gmt":"2024-08-26T10:22:00","guid":{"rendered":"https:\/\/www.charmig.nl\/?post_type=product&#038;p=15416"},"modified":"2026-04-23T09:36:20","modified_gmt":"2026-04-23T07:36:20","slug":"vintage-highboard-teak-servieskast-160-cm","status":"publish","type":"product","link":"https:\/\/www.charmig.nl\/fr\/product\/archief\/vintage-highboard-teak-servieskast-160-cm\/","title":{"rendered":"Meuble haut vintage | Teck | Meuble de service | 160 cm"},"content":{"rendered":"","protected":false},"excerpt":{"rendered":"Num\u00e9ro d'article : 211265\r\n\r\nCe vaisselier vintage \u00e9l\u00e9gant apporte imm\u00e9diatement une atmosph\u00e8re agr\u00e9able dans votre maison. Ce vaisselier a une belle couleur teck et un look intemporel. Gr\u00e2ce aux 2 portes coulissantes avec 4 tiroirs en dessous, cette armoire offre un grand espace de rangement. Derri\u00e8re les portes coulissantes, vous trouverez 4 petits tiroirs, parfaits pour les couverts. Les poign\u00e9es et la base compl\u00e8tent ce meuble haut vintage.\r\n\r\nP\u00e9riode de conception : 1950-1960\r\nStyle : Moderne, vintage\r\nMat\u00e9riau : Teck\r\nCondition : En tr\u00e8s bon \u00e9tat, quelques signes d'utilisation correspondant \u00e0 son \u00e2ge (voir photos)\r\nMarque : Inconnue\r\n\r\nDimensions : Hauteur : 125 cm :\r\nHauteur : 125 cm\r\nLargeur : 160 cm\r\nProfondeur : 44 cm","protected":false},"featured_media":15430,"template":"","meta":{"_acf_changed":false},"product_brand":[],"product_cat":[103],"product_tag":[],"class_list":{"0":"post-15416","1":"product","2":"type-product","3":"status-publish","4":"has-post-thumbnail","6":"product_cat-archief","7":"product_shipping_class-koerier","9":"first","10":"outofstock","11":"shipping-taxable","12":"product-type-simple"},"composite_virtual":false,"composite_layout":"","composite_add_to_cart_form_location":"","composite_editable_in_cart":false,"composite_sold_individually_context":"","composite_shop_price_calc":"","composite_components":[],"composite_scenarios":[],"exclude_global_add_ons":[],"addons":[],"acf":[],"yoast_head":null,"yoast_head_json":null,"_links":{"self":[{"href":"https:\/\/www.charmig.nl\/fr\/wp-json\/wp\/v2\/product\/15416","targetHints":{"allow":["GET"]}}],"collection":[{"href":"https:\/\/www.charmig.nl\/fr\/wp-json\/wp\/v2\/product"}],"about":[{"href":"https:\/\/www.charmig.nl\/fr\/wp-json\/wp\/v2\/types\/product"}],"wp:featuredmedia":[{"embeddable":true,"href":"https:\/\/www.charmig.nl\/fr\/wp-json\/wp\/v2\/media\/15430"}],"wp:attachment":[{"href":"https:\/\/www.charmig.nl\/fr\/wp-json\/wp\/v2\/media?parent=15416"}],"wp:term":[{"taxonomy":"product_brand","embeddable":true,"href":"https:\/\/www.charmig.nl\/fr\/wp-json\/wp\/v2\/product_brand?post=15416"},{"taxonomy":"product_cat","embeddable":true,"href":"https:\/\/www.charmig.nl\/fr\/wp-json\/wp\/v2\/product_cat?post=15416"},{"taxonomy":"product_tag","embeddable":true,"href":"https:\/\/www.charmig.nl\/fr\/wp-json\/wp\/v2\/product_tag?post=15416"}],"curies":[{"name":"wp","href":"https:\/\/api.w.org\/{rel}","templated":true}]}}