{"id":15441,"date":"2024-08-28T19:27:57","date_gmt":"2024-08-28T17:27:57","guid":{"rendered":"https:\/\/www.charmig.nl\/?post_type=product&#038;p=15441"},"modified":"2026-04-23T09:36:20","modified_gmt":"2026-04-23T07:36:20","slug":"4-x-eetkamerstoel-niels-otto-moller-model-77-papercord-teak-gerestaureerd","status":"publish","type":"product","link":"https:\/\/www.charmig.nl\/fr\/product\/archief\/4-x-eetkamerstoel-niels-otto-moller-model-77-papercord-teak-gerestaureerd\/","title":{"rendered":"4 x chaise de salle \u00e0 manger | Niels Otto M\u00f8ller | Mod\u00e8le 77 | Papercord | Teck | Restaur\u00e9"},"content":{"rendered":"","protected":false},"excerpt":{"rendered":"Artikelnummer: 211202\r\n\r\nSet van 4 prachtige Deense vintage eetkamerstoelen. Deze stoelen zijn ontworpen door Niels Otto M\u00f8ller. Dit is het model 77. Deze vintage eetkamerstoelen hebben tijdloze vormen, ze zijn niet voor niets al jaren een echte klassieker. Deze specifieke set heeft een mooie zichtbare houtnerf in de rugleuning. De stoelen zijn uitgevoerd in Teak en voorzien van nieuw papercord.\r\n\r\n    Ontwerp periode: 1950 &#8211; 1960\r\n    Stijl: Mid century modern &#8211; Deens design &#8211; Scandinavisch design\r\n    Materiaal: Teak, Papercord\r\n    Conditie: Gerestaureerd, frames nagekeken en de zittingen zijn voorzien van nieuw papercord.\r\n    Ontwerper: Niels Otto Moller\r\n\r\nAfmetingen:\r\nHoogte: 77 cm\r\nZithoogte: 45 cm\r\nBreedte: 49 cm\r\nDiepte: 49 cm","protected":false},"featured_media":15445,"template":"","meta":{"_acf_changed":false},"product_brand":[],"product_cat":[103],"product_tag":[],"class_list":{"0":"post-15441","1":"product","2":"type-product","3":"status-publish","4":"has-post-thumbnail","6":"product_cat-archief","7":"product_shipping_class-koerier","9":"first","10":"outofstock","11":"shipping-taxable","12":"product-type-simple"},"composite_virtual":false,"composite_layout":"","composite_add_to_cart_form_location":"","composite_editable_in_cart":false,"composite_sold_individually_context":"","composite_shop_price_calc":"","composite_components":[],"composite_scenarios":[],"exclude_global_add_ons":[],"addons":[],"acf":[],"yoast_head":null,"yoast_head_json":null,"_links":{"self":[{"href":"https:\/\/www.charmig.nl\/fr\/wp-json\/wp\/v2\/product\/15441","targetHints":{"allow":["GET"]}}],"collection":[{"href":"https:\/\/www.charmig.nl\/fr\/wp-json\/wp\/v2\/product"}],"about":[{"href":"https:\/\/www.charmig.nl\/fr\/wp-json\/wp\/v2\/types\/product"}],"wp:featuredmedia":[{"embeddable":true,"href":"https:\/\/www.charmig.nl\/fr\/wp-json\/wp\/v2\/media\/15445"}],"wp:attachment":[{"href":"https:\/\/www.charmig.nl\/fr\/wp-json\/wp\/v2\/media?parent=15441"}],"wp:term":[{"taxonomy":"product_brand","embeddable":true,"href":"https:\/\/www.charmig.nl\/fr\/wp-json\/wp\/v2\/product_brand?post=15441"},{"taxonomy":"product_cat","embeddable":true,"href":"https:\/\/www.charmig.nl\/fr\/wp-json\/wp\/v2\/product_cat?post=15441"},{"taxonomy":"product_tag","embeddable":true,"href":"https:\/\/www.charmig.nl\/fr\/wp-json\/wp\/v2\/product_tag?post=15441"}],"curies":[{"name":"wp","href":"https:\/\/api.w.org\/{rel}","templated":true}]}}