{"id":15531,"date":"2024-08-30T09:00:44","date_gmt":"2024-08-30T07:00:44","guid":{"rendered":"https:\/\/www.charmig.nl\/?post_type=product&#038;p=15531"},"modified":"2026-04-23T09:36:20","modified_gmt":"2026-04-23T07:36:20","slug":"vintage-secretaire-deens-design-eiken-vitre","status":"publish","type":"product","link":"https:\/\/www.charmig.nl\/fr\/product\/archief\/vintage-secretaire-deens-design-eiken-vitre\/","title":{"rendered":"Secr\u00e9taire vintage | Design danois | Ch\u00eane | Vitr\u00e9"},"content":{"rendered":"","protected":false},"excerpt":{"rendered":"Artikelnummer: 211280\r\n\r\nPrachtige vintage secretaire uit de jaren 60, gemaakt in Denemarken door Vitr\u00e9. De vintage kast is gemaakt van eiken en heeft een tijdloos design. Deze werkplek is super praktisch en biedt veel opbergruimte. Achter de klep vind je genoeg ruimte voor je kantoorartikelen. Zo vind je hier 4 lades en een open vak. Onderin vind je 3 lades. Dit vintage secretaire kan nog jaren mee!\r\n\r\nOntwerp periode: 1960-1970\r\nStijl: Mid century modern, Vintage, Deens design\r\nConditie: In zeer goede vintage staat, zie foto&#8217;s.\r\nOntwerper: Vitr\u00e9\r\n\r\nDe afmetingen\r\nBreedte: 90 cm\r\nHoogte: 110 cm\r\nDiepte: 45 cm\r\nWerkhoogte: 74 cm","protected":false},"featured_media":15536,"template":"","meta":{"_acf_changed":false},"product_brand":[],"product_cat":[103],"product_tag":[],"class_list":{"0":"post-15531","1":"product","2":"type-product","3":"status-publish","4":"has-post-thumbnail","6":"product_cat-archief","7":"product_shipping_class-koerier","9":"first","10":"outofstock","11":"shipping-taxable","12":"purchasable","13":"product-type-simple"},"composite_virtual":false,"composite_layout":"","composite_add_to_cart_form_location":"","composite_editable_in_cart":false,"composite_sold_individually_context":"","composite_shop_price_calc":"","composite_components":[],"composite_scenarios":[],"exclude_global_add_ons":[],"addons":[],"acf":[],"yoast_head":null,"yoast_head_json":null,"_links":{"self":[{"href":"https:\/\/www.charmig.nl\/fr\/wp-json\/wp\/v2\/product\/15531","targetHints":{"allow":["GET"]}}],"collection":[{"href":"https:\/\/www.charmig.nl\/fr\/wp-json\/wp\/v2\/product"}],"about":[{"href":"https:\/\/www.charmig.nl\/fr\/wp-json\/wp\/v2\/types\/product"}],"wp:featuredmedia":[{"embeddable":true,"href":"https:\/\/www.charmig.nl\/fr\/wp-json\/wp\/v2\/media\/15536"}],"wp:attachment":[{"href":"https:\/\/www.charmig.nl\/fr\/wp-json\/wp\/v2\/media?parent=15531"}],"wp:term":[{"taxonomy":"product_brand","embeddable":true,"href":"https:\/\/www.charmig.nl\/fr\/wp-json\/wp\/v2\/product_brand?post=15531"},{"taxonomy":"product_cat","embeddable":true,"href":"https:\/\/www.charmig.nl\/fr\/wp-json\/wp\/v2\/product_cat?post=15531"},{"taxonomy":"product_tag","embeddable":true,"href":"https:\/\/www.charmig.nl\/fr\/wp-json\/wp\/v2\/product_tag?post=15531"}],"curies":[{"name":"wp","href":"https:\/\/api.w.org\/{rel}","templated":true}]}}