{"id":15594,"date":"2024-08-30T09:59:00","date_gmt":"2024-08-30T07:59:00","guid":{"rendered":"https:\/\/www.charmig.nl\/?post_type=product&#038;p=15594"},"modified":"2026-02-24T09:01:42","modified_gmt":"2026-02-24T08:01:42","slug":"vintage-ronde-uitschuifbare-eettafel-palissander-115-tot-225-cm","status":"publish","type":"product","link":"https:\/\/www.charmig.nl\/fr\/produit\/archives\/vintage-ronde-uitschuifbare-eettafel-palissander-115-tot-225-cm\/","title":{"rendered":"Table de salle \u00e0 manger ronde extensible vintage | Bois de rose | 115 \u00e0 225 cm"},"content":{"rendered":"","protected":false},"excerpt":{"rendered":"Num\u00e9ro d'article : 211277\r\n\r\nCette table de salle \u00e0 manger vintage est incroyablement pratique et peut \u00eatre agrandie. Les feuilles suppl\u00e9mentaires transforment la table ronde pratique en une belle table ovale \u00e0 laquelle vous pouvez d\u00eener avec environ 8 personnes. La table extensible est dot\u00e9e de deux rallonges, mais peut \u00e9galement \u00eatre utilis\u00e9e sans rallonge ou avec une seule rallonge. La table se distingue par son magnifique motif en bois de rose et ses pieds \u00e9l\u00e9gants. Au fil des ans, la table est devenue l\u00e9g\u00e8rement plus claire, c'est pourquoi le panneau central est plus fonc\u00e9. La rallonge 1 n'est pas plaqu\u00e9e et a donc un aspect et un toucher diff\u00e9rents. Personnellement, nous n'utiliserons cette rallonge que lors de d\u00eeners \u00e9labor\u00e9s (No\u00ebl).\r\n\r\nP\u00e9riode de cr\u00e9ation : 1950-1960\r\nStyle : Mid century modern, scandinavian design\r\nCondition : En bon \u00e9tat. D\u00e9coloration de la feuille extractible et l\u00e9gers signes d'utilisation correspondant \u00e0 l'\u00e2ge du meuble.\r\nDesigner : Inconnu\r\n\r\nDimensions du meuble\r\nDiam\u00e8tre : 115 cm\r\nD\u00e9ploy\u00e9 avec 1 plateau : 170 cm\r\nD\u00e9ploy\u00e9 avec 2 feuilles : 225 cm\r\nHauteur : 71 cm","protected":false},"featured_media":15610,"template":"","meta":{"_acf_changed":false},"product_brand":[],"product_cat":[103],"product_tag":[],"class_list":{"0":"post-15594","1":"product","2":"type-product","3":"status-publish","4":"has-post-thumbnail","6":"product_cat-archief","7":"product_shipping_class-koerier","9":"first","10":"outofstock","11":"shipping-taxable","12":"product-type-simple"},"composite_virtual":false,"composite_layout":"","composite_add_to_cart_form_location":"","composite_editable_in_cart":false,"composite_sold_individually_context":"","composite_shop_price_calc":"","composite_components":[],"composite_scenarios":[],"exclude_global_add_ons":[],"addons":[],"acf":[],"yoast_head":null,"yoast_head_json":null,"_links":{"self":[{"href":"https:\/\/www.charmig.nl\/fr\/wp-json\/wp\/v2\/product\/15594","targetHints":{"allow":["GET"]}}],"collection":[{"href":"https:\/\/www.charmig.nl\/fr\/wp-json\/wp\/v2\/product"}],"about":[{"href":"https:\/\/www.charmig.nl\/fr\/wp-json\/wp\/v2\/types\/product"}],"wp:featuredmedia":[{"embeddable":true,"href":"https:\/\/www.charmig.nl\/fr\/wp-json\/wp\/v2\/media\/15610"}],"wp:attachment":[{"href":"https:\/\/www.charmig.nl\/fr\/wp-json\/wp\/v2\/media?parent=15594"}],"wp:term":[{"taxonomy":"product_brand","embeddable":true,"href":"https:\/\/www.charmig.nl\/fr\/wp-json\/wp\/v2\/product_brand?post=15594"},{"taxonomy":"product_cat","embeddable":true,"href":"https:\/\/www.charmig.nl\/fr\/wp-json\/wp\/v2\/product_cat?post=15594"},{"taxonomy":"product_tag","embeddable":true,"href":"https:\/\/www.charmig.nl\/fr\/wp-json\/wp\/v2\/product_tag?post=15594"}],"curies":[{"name":"wp","href":"https:\/\/api.w.org\/{rel}","templated":true}]}}