{"id":15699,"date":"2024-09-02T14:39:29","date_gmt":"2024-09-02T12:39:29","guid":{"rendered":"https:\/\/www.charmig.nl\/?post_type=product&#038;p=15699"},"modified":"2026-04-23T09:36:21","modified_gmt":"2026-04-23T07:36:21","slug":"4-x-eetkamerstoelen-schionning-elgaard-teak-opnieuw-gestoffeerd","status":"publish","type":"product","link":"https:\/\/www.charmig.nl\/fr\/product\/archief\/4-x-eetkamerstoelen-schionning-elgaard-teak-opnieuw-gestoffeerd\/","title":{"rendered":"4 x chaises de salle \u00e0 manger | Schi\u00f8nning &amp; Elgaard | Teck | reupholstered"},"content":{"rendered":"","protected":false},"excerpt":{"rendered":"Num\u00e9ro d'article : 211278\r\n\r\nEnsemble de 4 chaises de salle \u00e0 manger vintage en teck. Ces chaises danoises ont \u00e9t\u00e9 con\u00e7ues par Schi\u00f8nning &amp; Elgaard. L'ensemble de chaises de salle \u00e0 manger est en teck et a \u00e9t\u00e9 recouvert d'un magnifique tissu cr\u00e8me avec des accents bruns et noirs.\r\n\r\nStyle : Moderne du milieu du si\u00e8cle - Design danois - Design scandinave\r\nMat\u00e9riau : Teck\r\n\u00c9tat : Tr\u00e8s bon \u00e9tat vintage, retapiss\u00e9.\r\nDesigner : Schi\u00f8nning &amp; Elgaard\r\n\r\nDimensions : Hauteur : 79 cm :\r\nHauteur : 79 cm\r\nHauteur de l'assise : 45 cm\r\nLargeur : 46 cm\r\nProfondeur : 49 cm","protected":false},"featured_media":15708,"template":"","meta":{"_acf_changed":false},"product_brand":[],"product_cat":[103],"product_tag":[],"class_list":{"0":"post-15699","1":"product","2":"type-product","3":"status-publish","4":"has-post-thumbnail","6":"product_cat-archief","7":"product_shipping_class-koerier","9":"first","10":"outofstock","11":"shipping-taxable","12":"purchasable","13":"product-type-simple"},"composite_virtual":false,"composite_layout":"","composite_add_to_cart_form_location":"","composite_editable_in_cart":false,"composite_sold_individually_context":"","composite_shop_price_calc":"","composite_components":[],"composite_scenarios":[],"exclude_global_add_ons":[],"addons":[],"acf":[],"yoast_head":null,"yoast_head_json":null,"_links":{"self":[{"href":"https:\/\/www.charmig.nl\/fr\/wp-json\/wp\/v2\/product\/15699","targetHints":{"allow":["GET"]}}],"collection":[{"href":"https:\/\/www.charmig.nl\/fr\/wp-json\/wp\/v2\/product"}],"about":[{"href":"https:\/\/www.charmig.nl\/fr\/wp-json\/wp\/v2\/types\/product"}],"wp:featuredmedia":[{"embeddable":true,"href":"https:\/\/www.charmig.nl\/fr\/wp-json\/wp\/v2\/media\/15708"}],"wp:attachment":[{"href":"https:\/\/www.charmig.nl\/fr\/wp-json\/wp\/v2\/media?parent=15699"}],"wp:term":[{"taxonomy":"product_brand","embeddable":true,"href":"https:\/\/www.charmig.nl\/fr\/wp-json\/wp\/v2\/product_brand?post=15699"},{"taxonomy":"product_cat","embeddable":true,"href":"https:\/\/www.charmig.nl\/fr\/wp-json\/wp\/v2\/product_cat?post=15699"},{"taxonomy":"product_tag","embeddable":true,"href":"https:\/\/www.charmig.nl\/fr\/wp-json\/wp\/v2\/product_tag?post=15699"}],"curies":[{"name":"wp","href":"https:\/\/api.w.org\/{rel}","templated":true}]}}