{"id":15804,"date":"2024-09-09T14:07:44","date_gmt":"2024-09-09T12:07:44","guid":{"rendered":"https:\/\/www.charmig.nl\/?post_type=product&#038;p=15804"},"modified":"2026-02-24T09:01:43","modified_gmt":"2026-02-24T08:01:43","slug":"vintage-dressoir-bartels-werke-mid-century-modern-250-cm","status":"publish","type":"product","link":"https:\/\/www.charmig.nl\/fr\/produit\/archives\/vintage-dressoir-bartels-werke-mid-century-modern-250-cm\/","title":{"rendered":"Buffet vintage | Bartels Werke | Mid Century Modern | 250 cm"},"content":{"rendered":"","protected":false},"excerpt":{"rendered":"Num\u00e9ro d'article : 211288\r\n\r\nMagnifique buffet vintage en teck de Bartels Werke datant des ann\u00e9es 1960. Le buffet d\u00e9gage une \u00e9l\u00e9gance intemporelle gr\u00e2ce \u00e0 ses lignes \u00e9pur\u00e9es et \u00e0 son placage en teck chaud. Le meuble vintage offre un grand espace de rangement dans les 3 tiroirs \u00e0 droite et derri\u00e8re les 3 portes \u00e0 gauche. Les d\u00e9tails raffin\u00e9s, tels que les poign\u00e9es subtiles et les pieds fins, en font une pi\u00e8ce de choix pour des styles d'int\u00e9rieur tr\u00e8s diff\u00e9rents !\r\n\r\nP\u00e9riode de cr\u00e9ation : 1950-1960\r\nStyle : Moderne, Japonais\r\nMat\u00e9riau : Teck\r\n\u00c9tat : En tr\u00e8s bon \u00e9tat\r\nDesigner : Bartels Werke\r\n\r\nDimensions : Largeur : 250 cm\r\nLargeur : 250 cm\r\nProfondeur : 44 cm\r\nHauteur : 85 cm","protected":false},"featured_media":15806,"template":"","meta":{"_acf_changed":false},"product_brand":[],"product_cat":[103],"product_tag":[],"class_list":{"0":"post-15804","1":"product","2":"type-product","3":"status-publish","4":"has-post-thumbnail","6":"product_cat-archief","7":"product_shipping_class-koerier","9":"first","10":"outofstock","11":"shipping-taxable","12":"purchasable","13":"product-type-simple"},"composite_virtual":false,"composite_layout":"","composite_add_to_cart_form_location":"","composite_editable_in_cart":false,"composite_sold_individually_context":"","composite_shop_price_calc":"","composite_components":[],"composite_scenarios":[],"exclude_global_add_ons":[],"addons":[],"acf":[],"yoast_head":null,"yoast_head_json":null,"_links":{"self":[{"href":"https:\/\/www.charmig.nl\/fr\/wp-json\/wp\/v2\/product\/15804","targetHints":{"allow":["GET"]}}],"collection":[{"href":"https:\/\/www.charmig.nl\/fr\/wp-json\/wp\/v2\/product"}],"about":[{"href":"https:\/\/www.charmig.nl\/fr\/wp-json\/wp\/v2\/types\/product"}],"wp:featuredmedia":[{"embeddable":true,"href":"https:\/\/www.charmig.nl\/fr\/wp-json\/wp\/v2\/media\/15806"}],"wp:attachment":[{"href":"https:\/\/www.charmig.nl\/fr\/wp-json\/wp\/v2\/media?parent=15804"}],"wp:term":[{"taxonomy":"product_brand","embeddable":true,"href":"https:\/\/www.charmig.nl\/fr\/wp-json\/wp\/v2\/product_brand?post=15804"},{"taxonomy":"product_cat","embeddable":true,"href":"https:\/\/www.charmig.nl\/fr\/wp-json\/wp\/v2\/product_cat?post=15804"},{"taxonomy":"product_tag","embeddable":true,"href":"https:\/\/www.charmig.nl\/fr\/wp-json\/wp\/v2\/product_tag?post=15804"}],"curies":[{"name":"wp","href":"https:\/\/api.w.org\/{rel}","templated":true}]}}