{"id":15823,"date":"2024-09-09T14:58:02","date_gmt":"2024-09-09T12:58:02","guid":{"rendered":"https:\/\/www.charmig.nl\/?post_type=product&#038;p=15823"},"modified":"2026-02-24T09:01:43","modified_gmt":"2026-02-24T08:01:43","slug":"vintage-dressoir-schuifdeuren-scandinavisch-design-196-cm","status":"publish","type":"product","link":"https:\/\/www.charmig.nl\/fr\/produit\/archives\/vintage-dressoir-schuifdeuren-scandinavisch-design-196-cm\/","title":{"rendered":"Buffet vintage | Portes coulissantes | Design scandinave | 196 cm"},"content":{"rendered":"","protected":false},"excerpt":{"rendered":"Num\u00e9ro d'article : 211287\r\n\r\nCe magnifique buffet vintage en teck est un ajout \u00e9l\u00e9gant \u00e0 tout int\u00e9rieur. Avec ses lignes \u00e9pur\u00e9es et sa couleur de bois chaude, ce meuble d\u00e9gage une \u00e9l\u00e9gance intemporelle. Le buffet est dot\u00e9 de quatre portes coulissantes qui vous permettent d'acc\u00e9der facilement \u00e0 un espace de rangement g\u00e9n\u00e9reux pour la vaisselle, les livres ou d'autres objets essentiels.\r\nLe pi\u00e8tement raffin\u00e9 conf\u00e8re au meuble une allure moderne et a\u00e9r\u00e9e, tout en lui conf\u00e9rant une solidit\u00e9 accrue. Ce buffet unique allie fonctionnalit\u00e9 et beaut\u00e9 du design, parfait pour les amateurs de styles de vie r\u00e9tro et vintage.\r\n\r\nP\u00e9riode de cr\u00e9ation : 1950-1960\r\nStyle : moderne du milieu du si\u00e8cle, design scandinave\r\nMat\u00e9riau : Teck\r\n\u00c9tat : En tr\u00e8s bon \u00e9tat\r\nDesigner : E.W.Bach\r\n\r\nLes dimensions\r\nLargeur : 196 cm\r\nProfondeur : 44 cm\r\nHauteur : 79 cm","protected":false},"featured_media":15824,"template":"","meta":{"_acf_changed":false},"product_brand":[],"product_cat":[103],"product_tag":[],"class_list":{"0":"post-15823","1":"product","2":"type-product","3":"status-publish","4":"has-post-thumbnail","6":"product_cat-archief","7":"product_shipping_class-koerier","9":"first","10":"outofstock","11":"shipping-taxable","12":"purchasable","13":"product-type-simple"},"composite_virtual":false,"composite_layout":"","composite_add_to_cart_form_location":"","composite_editable_in_cart":false,"composite_sold_individually_context":"","composite_shop_price_calc":"","composite_components":[],"composite_scenarios":[],"exclude_global_add_ons":[],"addons":[],"acf":[],"yoast_head":null,"yoast_head_json":null,"_links":{"self":[{"href":"https:\/\/www.charmig.nl\/fr\/wp-json\/wp\/v2\/product\/15823","targetHints":{"allow":["GET"]}}],"collection":[{"href":"https:\/\/www.charmig.nl\/fr\/wp-json\/wp\/v2\/product"}],"about":[{"href":"https:\/\/www.charmig.nl\/fr\/wp-json\/wp\/v2\/types\/product"}],"wp:featuredmedia":[{"embeddable":true,"href":"https:\/\/www.charmig.nl\/fr\/wp-json\/wp\/v2\/media\/15824"}],"wp:attachment":[{"href":"https:\/\/www.charmig.nl\/fr\/wp-json\/wp\/v2\/media?parent=15823"}],"wp:term":[{"taxonomy":"product_brand","embeddable":true,"href":"https:\/\/www.charmig.nl\/fr\/wp-json\/wp\/v2\/product_brand?post=15823"},{"taxonomy":"product_cat","embeddable":true,"href":"https:\/\/www.charmig.nl\/fr\/wp-json\/wp\/v2\/product_cat?post=15823"},{"taxonomy":"product_tag","embeddable":true,"href":"https:\/\/www.charmig.nl\/fr\/wp-json\/wp\/v2\/product_tag?post=15823"}],"curies":[{"name":"wp","href":"https:\/\/api.w.org\/{rel}","templated":true}]}}