{"id":15938,"date":"2024-10-01T12:09:39","date_gmt":"2024-10-01T10:09:39","guid":{"rendered":"https:\/\/www.charmig.nl\/?post_type=product&#038;p=15938"},"modified":"2026-02-24T09:01:44","modified_gmt":"2026-02-24T08:01:44","slug":"vintage-secretaire-bernhard-pedersen-teak-tambourdeur","status":"publish","type":"product","link":"https:\/\/www.charmig.nl\/fr\/produit\/archives\/vintage-secretaire-bernhard-pedersen-teak-tambourdeur\/","title":{"rendered":"Secr\u00e9taire vintage | Bernhard Pedersen | Teck | Porte tambour"},"content":{"rendered":"","protected":false},"excerpt":{"rendered":"Num\u00e9ro d'article : 211291\r\n\r\nVous cherchez un poste de travail \u00e9l\u00e9gant ou un meuble d\u00e9coratif ? Ce secr\u00e9taire vintage en teck est le choix id\u00e9al. Le secr\u00e9taire a \u00e9t\u00e9 con\u00e7u par Bernhard Pedersen. El\u00e9gant et intemporel ! Ce secr\u00e9taire est un plaisir \u00e0 ouvrir. D\u00e8s que vous ouvrez le tiroir sup\u00e9rieur, vous tirez le plan de travail vers vous et la porte tambour se soul\u00e8ve automatiquement, ce qui est tr\u00e8s sp\u00e9cial ! Il y a aussi un abattant avec un espace de rangement et un miroir cach\u00e9 sous le plan de travail. Un meuble tr\u00e8s particulier donc, qui vaut la peine d'\u00eatre vu en vrai si vous en avez l'occasion !\r\n\r\nP\u00e9riode de cr\u00e9ation : 1960-1970\r\nStyle : Mid century modern, vintage, scandinavian design\r\n\u00c9tat : En tr\u00e8s bon \u00e9tat\r\nDesigner : Bernhard Pedersen\r\n\r\nLes dimensions\r\nLargeur : 105 cm\r\nHauteur : 117 cm\r\nProfondeur : 44 cm\r\nHauteur de travail : 75 cm","protected":false},"featured_media":15943,"template":"","meta":{"_acf_changed":false},"product_brand":[],"product_cat":[103],"product_tag":[],"class_list":{"0":"post-15938","1":"product","2":"type-product","3":"status-publish","4":"has-post-thumbnail","6":"product_cat-archief","7":"product_shipping_class-koerier","9":"first","10":"outofstock","11":"shipping-taxable","12":"purchasable","13":"product-type-simple"},"composite_virtual":false,"composite_layout":"","composite_add_to_cart_form_location":"","composite_editable_in_cart":false,"composite_sold_individually_context":"","composite_shop_price_calc":"","composite_components":[],"composite_scenarios":[],"exclude_global_add_ons":[],"addons":[],"acf":[],"yoast_head":null,"yoast_head_json":null,"_links":{"self":[{"href":"https:\/\/www.charmig.nl\/fr\/wp-json\/wp\/v2\/product\/15938","targetHints":{"allow":["GET"]}}],"collection":[{"href":"https:\/\/www.charmig.nl\/fr\/wp-json\/wp\/v2\/product"}],"about":[{"href":"https:\/\/www.charmig.nl\/fr\/wp-json\/wp\/v2\/types\/product"}],"wp:featuredmedia":[{"embeddable":true,"href":"https:\/\/www.charmig.nl\/fr\/wp-json\/wp\/v2\/media\/15943"}],"wp:attachment":[{"href":"https:\/\/www.charmig.nl\/fr\/wp-json\/wp\/v2\/media?parent=15938"}],"wp:term":[{"taxonomy":"product_brand","embeddable":true,"href":"https:\/\/www.charmig.nl\/fr\/wp-json\/wp\/v2\/product_brand?post=15938"},{"taxonomy":"product_cat","embeddable":true,"href":"https:\/\/www.charmig.nl\/fr\/wp-json\/wp\/v2\/product_cat?post=15938"},{"taxonomy":"product_tag","embeddable":true,"href":"https:\/\/www.charmig.nl\/fr\/wp-json\/wp\/v2\/product_tag?post=15938"}],"curies":[{"name":"wp","href":"https:\/\/api.w.org\/{rel}","templated":true}]}}