{"id":16046,"date":"2024-10-14T20:03:14","date_gmt":"2024-10-14T18:03:14","guid":{"rendered":"https:\/\/www.charmig.nl\/?post_type=product&#038;p=16046"},"modified":"2026-02-24T09:01:44","modified_gmt":"2026-02-24T08:01:44","slug":"vintage-secretaire-teak-90-cm","status":"publish","type":"product","link":"https:\/\/www.charmig.nl\/fr\/produit\/archives\/vintage-secretaire-teak-90-cm\/","title":{"rendered":"Secretaire vintage | Teck | 90 cm"},"content":{"rendered":"","protected":false},"excerpt":{"rendered":"Num\u00e9ro d'article : 211319\r\n\r\nMagnifique secr\u00e9taire vintage des ann\u00e9es 1960. Le meuble en bois de teck a une allure folle. En ouvrant le rabat, on d\u00e9couvre le bureau. Derri\u00e8re l'abattant, il y a 3 tiroirs et beaucoup d'espace de rangement pour les fournitures de bureau. En bas, vous trouverez 3 grands tiroirs. L'armoire vintage est tr\u00e8s \u00e9l\u00e9gante, notamment gr\u00e2ce aux belles poign\u00e9es et aux magnifiques veines du bois.\r\n\r\nP\u00e9riode de conception : 1960-1970\r\nStyle : Mid century modern, vintage\r\nCondition : En bonne condition vintage, quelques signes d'utilisation appropri\u00e9s \u00e0 son \u00e2ge (voir photos)\r\nDesigner : Inconnu\r\n\r\nDimensions : Largeur : 90 cm\r\nLargeur : 90 cm\r\nHauteur : 109 cm\r\nProfondeur : 43 cm\r\nHauteur de travail : 71 cm\r\nProfondeur du bureau d\u00e9ploy\u00e9 : 61 cm","protected":false},"featured_media":16048,"template":"","meta":{"_acf_changed":false},"product_brand":[],"product_cat":[103],"product_tag":[],"class_list":{"0":"post-16046","1":"product","2":"type-product","3":"status-publish","4":"has-post-thumbnail","6":"product_cat-archief","7":"product_shipping_class-koerier","9":"first","10":"outofstock","11":"shipping-taxable","12":"purchasable","13":"product-type-simple"},"composite_virtual":false,"composite_layout":"","composite_add_to_cart_form_location":"","composite_editable_in_cart":false,"composite_sold_individually_context":"","composite_shop_price_calc":"","composite_components":[],"composite_scenarios":[],"exclude_global_add_ons":[],"addons":[],"acf":[],"yoast_head":null,"yoast_head_json":null,"_links":{"self":[{"href":"https:\/\/www.charmig.nl\/fr\/wp-json\/wp\/v2\/product\/16046","targetHints":{"allow":["GET"]}}],"collection":[{"href":"https:\/\/www.charmig.nl\/fr\/wp-json\/wp\/v2\/product"}],"about":[{"href":"https:\/\/www.charmig.nl\/fr\/wp-json\/wp\/v2\/types\/product"}],"wp:featuredmedia":[{"embeddable":true,"href":"https:\/\/www.charmig.nl\/fr\/wp-json\/wp\/v2\/media\/16048"}],"wp:attachment":[{"href":"https:\/\/www.charmig.nl\/fr\/wp-json\/wp\/v2\/media?parent=16046"}],"wp:term":[{"taxonomy":"product_brand","embeddable":true,"href":"https:\/\/www.charmig.nl\/fr\/wp-json\/wp\/v2\/product_brand?post=16046"},{"taxonomy":"product_cat","embeddable":true,"href":"https:\/\/www.charmig.nl\/fr\/wp-json\/wp\/v2\/product_cat?post=16046"},{"taxonomy":"product_tag","embeddable":true,"href":"https:\/\/www.charmig.nl\/fr\/wp-json\/wp\/v2\/product_tag?post=16046"}],"curies":[{"name":"wp","href":"https:\/\/api.w.org\/{rel}","templated":true}]}}