{"id":16101,"date":"2024-10-16T17:07:56","date_gmt":"2024-10-16T15:07:56","guid":{"rendered":"https:\/\/www.charmig.nl\/?post_type=product&#038;p=16101"},"modified":"2026-02-24T09:01:44","modified_gmt":"2026-02-24T08:01:44","slug":"vintage-secretaire-teak-101-cm","status":"publish","type":"product","link":"https:\/\/www.charmig.nl\/fr\/produit\/archives\/vintage-secretaire-teak-101-cm\/","title":{"rendered":"Secretaire vintage | Teck | 101 cm"},"content":{"rendered":"","protected":false},"excerpt":{"rendered":"Num\u00e9ro d'article : 211314\r\n\r\nCette armoire vintage est belle \u00e0 regarder, mais aussi pratique. Ce secr\u00e9taire des ann\u00e9es 60 est fabriqu\u00e9 en bois de teck et dispose d'un bureau extractible, id\u00e9al ! En outre, le meuble dispose de 6 tiroirs dans la partie sup\u00e9rieure. En bas, vous trouverez 3 grands tiroirs, dont le tiroir sup\u00e9rieur peut \u00eatre ferm\u00e9 \u00e0 cl\u00e9. L'armoire est tr\u00e8s \u00e9l\u00e9gante, notamment gr\u00e2ce \u00e0 sa finition \u00e9pur\u00e9e.\r\n\r\nP\u00e9riode de conception : 1960-1970\r\nStyle : Mid century modern, vintage\r\nCondition : En tr\u00e8s bon \u00e9tat, avec de l\u00e9g\u00e8res traces d'utilisation en rapport avec son \u00e2ge.\r\nDesigner : inconnu\r\n\r\nDimensions de l'objet\r\nLargeur : 80 cm\r\nHauteur : 101 cm\r\nProfondeur : 44 cm\r\nProfondeur du bureau \u00e9tendu : 66 cm\r\nHauteur de travail : 72 cm\r\n\r\nLes articles des soldes d'\u00e9t\u00e9 ne peuvent pas \u00eatre retourn\u00e9s","protected":false},"featured_media":16103,"template":"","meta":{"_acf_changed":false},"product_brand":[],"product_cat":[103],"product_tag":[],"class_list":{"0":"post-16101","1":"product","2":"type-product","3":"status-publish","4":"has-post-thumbnail","6":"product_cat-archief","7":"product_shipping_class-koerier","9":"first","10":"outofstock","11":"sale","12":"shipping-taxable","13":"purchasable","14":"product-type-simple"},"composite_virtual":false,"composite_layout":"","composite_add_to_cart_form_location":"","composite_editable_in_cart":false,"composite_sold_individually_context":"","composite_shop_price_calc":"","composite_components":[],"composite_scenarios":[],"exclude_global_add_ons":[],"addons":[],"acf":[],"yoast_head":null,"yoast_head_json":null,"_links":{"self":[{"href":"https:\/\/www.charmig.nl\/fr\/wp-json\/wp\/v2\/product\/16101","targetHints":{"allow":["GET"]}}],"collection":[{"href":"https:\/\/www.charmig.nl\/fr\/wp-json\/wp\/v2\/product"}],"about":[{"href":"https:\/\/www.charmig.nl\/fr\/wp-json\/wp\/v2\/types\/product"}],"wp:featuredmedia":[{"embeddable":true,"href":"https:\/\/www.charmig.nl\/fr\/wp-json\/wp\/v2\/media\/16103"}],"wp:attachment":[{"href":"https:\/\/www.charmig.nl\/fr\/wp-json\/wp\/v2\/media?parent=16101"}],"wp:term":[{"taxonomy":"product_brand","embeddable":true,"href":"https:\/\/www.charmig.nl\/fr\/wp-json\/wp\/v2\/product_brand?post=16101"},{"taxonomy":"product_cat","embeddable":true,"href":"https:\/\/www.charmig.nl\/fr\/wp-json\/wp\/v2\/product_cat?post=16101"},{"taxonomy":"product_tag","embeddable":true,"href":"https:\/\/www.charmig.nl\/fr\/wp-json\/wp\/v2\/product_tag?post=16101"}],"curies":[{"name":"wp","href":"https:\/\/api.w.org\/{rel}","templated":true}]}}