{"id":16629,"date":"2024-10-29T15:11:10","date_gmt":"2024-10-29T14:11:10","guid":{"rendered":"https:\/\/www.charmig.nl\/?post_type=product&#038;p=16629"},"modified":"2026-04-23T09:36:25","modified_gmt":"2026-04-23T07:36:25","slug":"vintage-boekenrek-wandsysteem-kai-kristiansen-wandplanken-teak","status":"publish","type":"product","link":"https:\/\/www.charmig.nl\/fr\/produit\/sale\/vintage-boekenrek-wandsysteem-kai-kristiansen-wandplanken-teak\/","title":{"rendered":"Biblioth\u00e8que vintage | Syst\u00e8me mural | Kai Kristiansen | Etag\u00e8res murales | Teck"},"content":{"rendered":"","protected":false},"excerpt":{"rendered":"Artikelnummer: 211334\r\n\r\nDit vintage boekenrek van de Deense ontwerper Kai Kriastiansen is een prachtig voorbeeld van mid-century modern design. Het rek is voorzien van de kernmerkende L-vormige en pyramide-vormige planken, een typische stijl voor Kristiansen. Deze geven het wandrek een speelse, maar toch strakke uitstraling. De onderste plank is iets dieper dan de bovenste 4. Perfect voor het stijlvol opbergen van boeken of decoratieve objecten! \r\n\r\nAfmetingen:\r\nBreedte: 88 cm\r\nHoogte: 226 cm\r\nDiepte: 33 cm\r\nDiepte ondiepe planken: 29 cm\r\n\r\nOntwerp periode: 1950 &#8211; 1960\r\nStijl: Mid century modern &#8211; Scandinavisch design\r\nMateriaal: Metaal, teak\r\nConditie: In goede vintage staat, planken vertonen wat sporen van gebruik, passend bij de leeftijd van het meubel\r\nMerk: Kai Kristiansen voor FM Mobler","protected":false},"featured_media":16643,"template":"","meta":{"_acf_changed":false},"product_brand":[],"product_cat":[452,175,174],"product_tag":[],"class_list":{"0":"post-16629","1":"product","2":"type-product","3":"status-publish","4":"has-post-thumbnail","6":"product_cat-sale","7":"product_cat-wandrekken","8":"product_cat-wandsystemen","9":"product_shipping_class-koerier","11":"first","12":"instock","13":"sale","14":"shipping-taxable","15":"purchasable","16":"product-type-simple"},"composite_virtual":false,"composite_layout":"","composite_add_to_cart_form_location":"","composite_editable_in_cart":false,"composite_sold_individually_context":"","composite_shop_price_calc":"","composite_components":[],"composite_scenarios":[],"exclude_global_add_ons":[],"addons":[],"acf":[],"yoast_head":null,"yoast_head_json":null,"_links":{"self":[{"href":"https:\/\/www.charmig.nl\/fr\/wp-json\/wp\/v2\/product\/16629","targetHints":{"allow":["GET"]}}],"collection":[{"href":"https:\/\/www.charmig.nl\/fr\/wp-json\/wp\/v2\/product"}],"about":[{"href":"https:\/\/www.charmig.nl\/fr\/wp-json\/wp\/v2\/types\/product"}],"wp:featuredmedia":[{"embeddable":true,"href":"https:\/\/www.charmig.nl\/fr\/wp-json\/wp\/v2\/media\/16643"}],"wp:attachment":[{"href":"https:\/\/www.charmig.nl\/fr\/wp-json\/wp\/v2\/media?parent=16629"}],"wp:term":[{"taxonomy":"product_brand","embeddable":true,"href":"https:\/\/www.charmig.nl\/fr\/wp-json\/wp\/v2\/product_brand?post=16629"},{"taxonomy":"product_cat","embeddable":true,"href":"https:\/\/www.charmig.nl\/fr\/wp-json\/wp\/v2\/product_cat?post=16629"},{"taxonomy":"product_tag","embeddable":true,"href":"https:\/\/www.charmig.nl\/fr\/wp-json\/wp\/v2\/product_tag?post=16629"}],"curies":[{"name":"wp","href":"https:\/\/api.w.org\/{rel}","templated":true}]}}