{"id":16652,"date":"2024-11-01T08:49:11","date_gmt":"2024-11-01T07:49:11","guid":{"rendered":"https:\/\/www.charmig.nl\/?post_type=product&#038;p=16652"},"modified":"2026-04-23T09:36:25","modified_gmt":"2026-04-23T07:36:25","slug":"vintage-mimiset-johannes-andersen-nesting-tables-teak","status":"publish","type":"product","link":"https:\/\/www.charmig.nl\/fr\/product\/archief\/vintage-mimiset-johannes-andersen-nesting-tables-teak\/","title":{"rendered":"Vintage mimiset | Johannes Andersen | Tables gigognes | Teck"},"content":{"rendered":"","protected":false},"excerpt":{"rendered":"Num\u00e9ro d'article : 211303\r\n\r\nCet ensemble mimi en teck est un v\u00e9ritable tableau. Les tables ont \u00e9t\u00e9 con\u00e7ues par Johannes Andersen pour CFC Silkeborg. L'ensemble, qui se compose de trois tables, est d'une qualit\u00e9 exceptionnelle. Les tables d'appoint vintage ont un design magnifique : \u00e9l\u00e9gant, ludique et intemporel. Les tables gigognes s'embo\u00eetent parfaitement.\r\n\r\nLes tables prennent peu de place lorsqu'elles sont pouss\u00e9es l'une contre l'autre et peuvent \u00eatre utilis\u00e9es ensemble ou s\u00e9par\u00e9ment. En outre, les tables sont tr\u00e8s polyvalentes ; utilisez-les comme tables basses, tables \u00e0 plantes, \u00e0 c\u00f4t\u00e9 du canap\u00e9 ou comme deux tables suppl\u00e9mentaires lorsque des visiteurs viennent \u00e0 la maison !\r\n\r\nP\u00e9riode de cr\u00e9ation : 1950-1960\r\nStyle : moderne du milieu du si\u00e8cle, design scandinave, design danois\r\n\u00c9tat : En bon \u00e9tat\r\nDesigner : Johannes Anderson pour CFC Silkeborg\r\nMat\u00e9riau : Teck\r\n\r\nDimensions de la plus grande table :\r\nProfondeur : 36 cm\r\nLargeur : 60 cm\r\nHauteur : 51 cm","protected":false},"featured_media":16654,"template":"","meta":{"_acf_changed":false},"product_brand":[],"product_cat":[103],"product_tag":[],"class_list":{"0":"post-16652","1":"product","2":"type-product","3":"status-publish","4":"has-post-thumbnail","6":"product_cat-archief","7":"product_shipping_class-groot-pakket","9":"first","10":"outofstock","11":"shipping-taxable","12":"purchasable","13":"product-type-simple"},"composite_virtual":false,"composite_layout":"","composite_add_to_cart_form_location":"","composite_editable_in_cart":false,"composite_sold_individually_context":"","composite_shop_price_calc":"","composite_components":[],"composite_scenarios":[],"exclude_global_add_ons":[],"addons":[],"acf":[],"yoast_head":null,"yoast_head_json":null,"_links":{"self":[{"href":"https:\/\/www.charmig.nl\/fr\/wp-json\/wp\/v2\/product\/16652","targetHints":{"allow":["GET"]}}],"collection":[{"href":"https:\/\/www.charmig.nl\/fr\/wp-json\/wp\/v2\/product"}],"about":[{"href":"https:\/\/www.charmig.nl\/fr\/wp-json\/wp\/v2\/types\/product"}],"wp:featuredmedia":[{"embeddable":true,"href":"https:\/\/www.charmig.nl\/fr\/wp-json\/wp\/v2\/media\/16654"}],"wp:attachment":[{"href":"https:\/\/www.charmig.nl\/fr\/wp-json\/wp\/v2\/media?parent=16652"}],"wp:term":[{"taxonomy":"product_brand","embeddable":true,"href":"https:\/\/www.charmig.nl\/fr\/wp-json\/wp\/v2\/product_brand?post=16652"},{"taxonomy":"product_cat","embeddable":true,"href":"https:\/\/www.charmig.nl\/fr\/wp-json\/wp\/v2\/product_cat?post=16652"},{"taxonomy":"product_tag","embeddable":true,"href":"https:\/\/www.charmig.nl\/fr\/wp-json\/wp\/v2\/product_tag?post=16652"}],"curies":[{"name":"wp","href":"https:\/\/api.w.org\/{rel}","templated":true}]}}