{"id":16682,"date":"2024-11-01T09:19:02","date_gmt":"2024-11-01T08:19:02","guid":{"rendered":"https:\/\/www.charmig.nl\/?post_type=product&#038;p=16682"},"modified":"2026-04-23T09:36:26","modified_gmt":"2026-04-23T07:36:26","slug":"vintage-dressoir-schuifdeuren-teak-200-cm","status":"publish","type":"product","link":"https:\/\/www.charmig.nl\/fr\/product\/archief\/vintage-dressoir-schuifdeuren-teak-200-cm\/","title":{"rendered":"Buffet vintage | Portes coulissantes | Teck | 200 cm"},"content":{"rendered":"","protected":false},"excerpt":{"rendered":"Num\u00e9ro d'article : 211328\r\n\r\nBuffet vintage dans une belle couleur teck qui donne imm\u00e9diatement de l'ambiance \u00e0 la maison. Ce meuble peut parfaitement \u00eatre utilis\u00e9 comme meuble TV vintage. Le meuble offre beaucoup d'espace de rangement gr\u00e2ce aux 2 portes coulissantes et aux 5 tiroirs. Le meuble a un design \u00e9pur\u00e9, en partie gr\u00e2ce aux tiroirs sans poign\u00e9e.\r\n\r\nP\u00e9riode de conception : 1950-1960\r\nStyle : moderne du milieu du si\u00e8cle\r\nMat\u00e9riau : Teck\r\n\u00c9tat : En bon \u00e9tat, avec des traces d'utilisation correspondant \u00e0 l'\u00e2ge du meuble.\r\nDesigner : Inconnu\r\n\r\nDimensions : Largeur : 200 cm\r\nLargeur : 200 cm\r\nHauteur : 84 cm\r\nProfondeur : 50 cm","protected":false},"featured_media":16684,"template":"","meta":{"_acf_changed":false},"product_brand":[],"product_cat":[103],"product_tag":[],"class_list":{"0":"post-16682","1":"product","2":"type-product","3":"status-publish","4":"has-post-thumbnail","6":"product_cat-archief","7":"product_shipping_class-koerier","9":"first","10":"outofstock","11":"shipping-taxable","12":"purchasable","13":"product-type-simple"},"composite_virtual":false,"composite_layout":"","composite_add_to_cart_form_location":"","composite_editable_in_cart":false,"composite_sold_individually_context":"","composite_shop_price_calc":"","composite_components":[],"composite_scenarios":[],"exclude_global_add_ons":[],"addons":[],"acf":[],"yoast_head":null,"yoast_head_json":null,"_links":{"self":[{"href":"https:\/\/www.charmig.nl\/fr\/wp-json\/wp\/v2\/product\/16682","targetHints":{"allow":["GET"]}}],"collection":[{"href":"https:\/\/www.charmig.nl\/fr\/wp-json\/wp\/v2\/product"}],"about":[{"href":"https:\/\/www.charmig.nl\/fr\/wp-json\/wp\/v2\/types\/product"}],"wp:featuredmedia":[{"embeddable":true,"href":"https:\/\/www.charmig.nl\/fr\/wp-json\/wp\/v2\/media\/16684"}],"wp:attachment":[{"href":"https:\/\/www.charmig.nl\/fr\/wp-json\/wp\/v2\/media?parent=16682"}],"wp:term":[{"taxonomy":"product_brand","embeddable":true,"href":"https:\/\/www.charmig.nl\/fr\/wp-json\/wp\/v2\/product_brand?post=16682"},{"taxonomy":"product_cat","embeddable":true,"href":"https:\/\/www.charmig.nl\/fr\/wp-json\/wp\/v2\/product_cat?post=16682"},{"taxonomy":"product_tag","embeddable":true,"href":"https:\/\/www.charmig.nl\/fr\/wp-json\/wp\/v2\/product_tag?post=16682"}],"curies":[{"name":"wp","href":"https:\/\/api.w.org\/{rel}","templated":true}]}}