{"id":16799,"date":"2024-11-12T11:57:42","date_gmt":"2024-11-12T10:57:42","guid":{"rendered":"https:\/\/www.charmig.nl\/?post_type=product&#038;p=16799"},"modified":"2026-02-24T09:01:47","modified_gmt":"2026-02-24T08:01:47","slug":"vintage-ronde-eettafel-teak-uitschuifbaar-115-cm","status":"publish","type":"product","link":"https:\/\/www.charmig.nl\/fr\/produit\/archives\/vintage-ronde-eettafel-teak-uitschuifbaar-115-cm\/","title":{"rendered":"Table ronde vintage | Teck | extensible | 115 cm"},"content":{"rendered":"","protected":false},"excerpt":{"rendered":"Num\u00e9ro d'article : 211341\r\n\r\nCette table de salle \u00e0 manger danoise ronde est fabriqu\u00e9e en teck (placage). La table de salle \u00e0 manger ronde en bois peut \u00eatre rallong\u00e9e d'une feuille interm\u00e9diaire, utile, par exemple, lorsque des personnes viennent manger.\r\n\r\n\r\nP\u00e9riode de conception : 1950-1960\r\nStyle : Mid century modern, Scandinavian design, Danish design\r\n\u00c9tat : En bon \u00e9tat, la rallonge pr\u00e9sente une l\u00e9g\u00e8re d\u00e9coloration par rapport \u00e0 la rallonge normale.\r\n\r\nLes dimensions\r\nDiam\u00e8tre : 115 cm\r\nLongueur de la rallonge avec 1 plateau : 170 cm\r\nHauteur : 73 cm","protected":false},"featured_media":16810,"template":"","meta":{"_acf_changed":false},"product_brand":[],"product_cat":[103],"product_tag":[],"class_list":{"0":"post-16799","1":"product","2":"type-product","3":"status-publish","4":"has-post-thumbnail","6":"product_cat-archief","7":"product_shipping_class-koerier","9":"first","10":"outofstock","11":"shipping-taxable","12":"purchasable","13":"product-type-simple"},"composite_virtual":false,"composite_layout":"","composite_add_to_cart_form_location":"","composite_editable_in_cart":false,"composite_sold_individually_context":"","composite_shop_price_calc":"","composite_components":[],"composite_scenarios":[],"exclude_global_add_ons":[],"addons":[],"acf":[],"yoast_head":null,"yoast_head_json":null,"_links":{"self":[{"href":"https:\/\/www.charmig.nl\/fr\/wp-json\/wp\/v2\/product\/16799","targetHints":{"allow":["GET"]}}],"collection":[{"href":"https:\/\/www.charmig.nl\/fr\/wp-json\/wp\/v2\/product"}],"about":[{"href":"https:\/\/www.charmig.nl\/fr\/wp-json\/wp\/v2\/types\/product"}],"wp:featuredmedia":[{"embeddable":true,"href":"https:\/\/www.charmig.nl\/fr\/wp-json\/wp\/v2\/media\/16810"}],"wp:attachment":[{"href":"https:\/\/www.charmig.nl\/fr\/wp-json\/wp\/v2\/media?parent=16799"}],"wp:term":[{"taxonomy":"product_brand","embeddable":true,"href":"https:\/\/www.charmig.nl\/fr\/wp-json\/wp\/v2\/product_brand?post=16799"},{"taxonomy":"product_cat","embeddable":true,"href":"https:\/\/www.charmig.nl\/fr\/wp-json\/wp\/v2\/product_cat?post=16799"},{"taxonomy":"product_tag","embeddable":true,"href":"https:\/\/www.charmig.nl\/fr\/wp-json\/wp\/v2\/product_tag?post=16799"}],"curies":[{"name":"wp","href":"https:\/\/api.w.org\/{rel}","templated":true}]}}