{"id":16897,"date":"2024-11-25T21:08:31","date_gmt":"2024-11-25T20:08:31","guid":{"rendered":"https:\/\/www.charmig.nl\/?post_type=product&#038;p=16897"},"modified":"2026-02-24T09:01:48","modified_gmt":"2026-02-24T08:01:48","slug":"6-x-eetkamerstoel-farstrup-model-210-gerestaureerd","status":"publish","type":"product","link":"https:\/\/www.charmig.nl\/fr\/produit\/archives\/6-x-eetkamerstoel-farstrup-model-210-gerestaureerd\/","title":{"rendered":"6 x chaise de salle \u00e0 manger | Farstrup | Mod\u00e8le 210 | Restaur\u00e9"},"content":{"rendered":"","protected":false},"excerpt":{"rendered":"Artikelnummer: 211308\r\n\r\nEen prachtige set van 6 eetkamerstoelen van het merk Farstrup, model 210. De stoelen zijn ontworpen door Thomas Harlev in de jaren 60. De frames zijn gemaakt van beukenhout en de rugleuning is gemaakt van teakhout. De stoelen hebben een elegante vorm en passen in ieder interieur! De stoelen zijn voorzien van een nieuwe zwarte stoffering.\r\n\r\nOntwerp periode: 1950 &#8211; 1960\r\nStijl: Mid century modern &#8211; Deens design &#8211; Scandinavisch design\r\nMateriaal: Teak\r\nConditie: Zeer goede vintage staat. De stoelen zijn opnieuw gestoffeerd.\r\nFabrikant: Farstrup\r\nOntwerper: Thomas Harlev\r\n\r\nAfmetingen:\r\nHoogte: 78 cm\r\nZithoogte: 44 cm\r\nBreedte: 51 cm\r\nDiepte: 49 cm\r\nZitdiepte: 41 cm","protected":false},"featured_media":16899,"template":"","meta":{"_acf_changed":false},"product_brand":[],"product_cat":[103],"product_tag":[],"class_list":{"0":"post-16897","1":"product","2":"type-product","3":"status-publish","4":"has-post-thumbnail","6":"product_cat-archief","7":"product_shipping_class-koerier","9":"first","10":"outofstock","11":"shipping-taxable","12":"purchasable","13":"product-type-simple"},"composite_virtual":false,"composite_layout":"","composite_add_to_cart_form_location":"","composite_editable_in_cart":false,"composite_sold_individually_context":"","composite_shop_price_calc":"","composite_components":[],"composite_scenarios":[],"exclude_global_add_ons":[],"addons":[],"acf":[],"yoast_head":null,"yoast_head_json":null,"_links":{"self":[{"href":"https:\/\/www.charmig.nl\/fr\/wp-json\/wp\/v2\/product\/16897","targetHints":{"allow":["GET"]}}],"collection":[{"href":"https:\/\/www.charmig.nl\/fr\/wp-json\/wp\/v2\/product"}],"about":[{"href":"https:\/\/www.charmig.nl\/fr\/wp-json\/wp\/v2\/types\/product"}],"wp:featuredmedia":[{"embeddable":true,"href":"https:\/\/www.charmig.nl\/fr\/wp-json\/wp\/v2\/media\/16899"}],"wp:attachment":[{"href":"https:\/\/www.charmig.nl\/fr\/wp-json\/wp\/v2\/media?parent=16897"}],"wp:term":[{"taxonomy":"product_brand","embeddable":true,"href":"https:\/\/www.charmig.nl\/fr\/wp-json\/wp\/v2\/product_brand?post=16897"},{"taxonomy":"product_cat","embeddable":true,"href":"https:\/\/www.charmig.nl\/fr\/wp-json\/wp\/v2\/product_cat?post=16897"},{"taxonomy":"product_tag","embeddable":true,"href":"https:\/\/www.charmig.nl\/fr\/wp-json\/wp\/v2\/product_tag?post=16897"}],"curies":[{"name":"wp","href":"https:\/\/api.w.org\/{rel}","templated":true}]}}