{"id":16934,"date":"2024-11-25T21:41:24","date_gmt":"2024-11-25T20:41:24","guid":{"rendered":"https:\/\/www.charmig.nl\/?post_type=product&#038;p=16934"},"modified":"2026-02-24T09:01:48","modified_gmt":"2026-02-24T08:01:48","slug":"vintage-ronde-eettafel-teak-uitschuifbaar-120-cm","status":"publish","type":"product","link":"https:\/\/www.charmig.nl\/fr\/produit\/archives\/vintage-ronde-eettafel-teak-uitschuifbaar-120-cm\/","title":{"rendered":"Table ronde vintage | Teck | extensible | 120 cm"},"content":{"rendered":"","protected":false},"excerpt":{"rendered":"Num\u00e9ro d'article : 211376\r\n\r\nCette table de salle \u00e0 manger danoise allie \u00e9l\u00e9gance et fonctionnalit\u00e9 dans votre int\u00e9rieur. La table a \u00e9t\u00e9 fabriqu\u00e9e au Danemark par Sor\u00f8 Stolefabrik. Cette table se distingue par son magnifique plateau fin. La table de salle \u00e0 manger vintage a de belles marques sur le plateau et dispose de 2 rallonges. Cette table est donc parfaite pour les grandes f\u00eates.\r\n\r\nP\u00e9riode de conception : 1950-1960\r\nStyle : moderne du milieu du si\u00e8cle, design scandinave, design danois\r\n\u00c9tat : En tr\u00e8s bon \u00e9tat, quelques signes mineurs d'utilisation correspondant \u00e0 l'\u00e2ge du meuble.\r\nFabricant : Sor\u00f8 Stolefabrik\r\n\r\nDimensions\r\nDiam\u00e8tre : 120 cm\r\nD\u00e9pli\u00e9 avec 1 plateau : 170 cm\r\nD\u00e9pli\u00e9 avec 2 feuilles : 220 cm\r\nHauteur : 72 cm","protected":false},"featured_media":16945,"template":"","meta":{"_acf_changed":false},"product_brand":[],"product_cat":[103],"product_tag":[],"class_list":{"0":"post-16934","1":"product","2":"type-product","3":"status-publish","4":"has-post-thumbnail","6":"product_cat-archief","7":"product_shipping_class-koerier","9":"first","10":"outofstock","11":"sale","12":"shipping-taxable","13":"purchasable","14":"product-type-simple"},"composite_virtual":false,"composite_layout":"","composite_add_to_cart_form_location":"","composite_editable_in_cart":false,"composite_sold_individually_context":"","composite_shop_price_calc":"","composite_components":[],"composite_scenarios":[],"exclude_global_add_ons":[],"addons":[],"acf":[],"yoast_head":null,"yoast_head_json":null,"_links":{"self":[{"href":"https:\/\/www.charmig.nl\/fr\/wp-json\/wp\/v2\/product\/16934","targetHints":{"allow":["GET"]}}],"collection":[{"href":"https:\/\/www.charmig.nl\/fr\/wp-json\/wp\/v2\/product"}],"about":[{"href":"https:\/\/www.charmig.nl\/fr\/wp-json\/wp\/v2\/types\/product"}],"wp:featuredmedia":[{"embeddable":true,"href":"https:\/\/www.charmig.nl\/fr\/wp-json\/wp\/v2\/media\/16945"}],"wp:attachment":[{"href":"https:\/\/www.charmig.nl\/fr\/wp-json\/wp\/v2\/media?parent=16934"}],"wp:term":[{"taxonomy":"product_brand","embeddable":true,"href":"https:\/\/www.charmig.nl\/fr\/wp-json\/wp\/v2\/product_brand?post=16934"},{"taxonomy":"product_cat","embeddable":true,"href":"https:\/\/www.charmig.nl\/fr\/wp-json\/wp\/v2\/product_cat?post=16934"},{"taxonomy":"product_tag","embeddable":true,"href":"https:\/\/www.charmig.nl\/fr\/wp-json\/wp\/v2\/product_tag?post=16934"}],"curies":[{"name":"wp","href":"https:\/\/api.w.org\/{rel}","templated":true}]}}