{"id":16992,"date":"2024-11-28T15:49:32","date_gmt":"2024-11-28T14:49:32","guid":{"rendered":"https:\/\/www.charmig.nl\/?post_type=product&#038;p=16992"},"modified":"2026-04-23T09:36:28","modified_gmt":"2026-04-23T07:36:28","slug":"vintage-deense-eettafel-xl-eiken-uitschuifbaar","status":"publish","type":"product","link":"https:\/\/www.charmig.nl\/fr\/product\/archief\/vintage-deense-eettafel-xl-eiken-uitschuifbaar\/","title":{"rendered":"Table de salle \u00e0 manger danoise vintage XL | Ch\u00eane | extensible"},"content":{"rendered":"","protected":false},"excerpt":{"rendered":"Num\u00e9ro d'article : 211374\r\n\r\nCette belle et grande table de salle \u00e0 manger vintage danoise est finie en ch\u00eane. La table de salle \u00e0 manger ronde a deux feuilles interm\u00e9diaires qui la rendent ovale. Id\u00e9ale pour les d\u00eeners en commun. La table a un bord magnifiquement fini.\r\n    \r\n    P\u00e9riode de cr\u00e9ation : 1950-1960\r\n    Style : Moderne, design scandinave, design danois\r\n    \u00c9tat : En tr\u00e8s bon \u00e9tat.\r\n    Pays d'origine : Danemark\r\n    Fabricant : Merkloos\r\n    Mat\u00e9riau : Ch\u00eane\r\n\r\nDimensions : Longueur : 120 cm :\r\nLongueur : 120 cm\r\nLongueur 1 rallonge : 170 cm\r\nLongueur 2 rallonges : 220 cm\r\nDiam\u00e8tre : 120 cm\r\nHauteur : 71 cm","protected":false},"featured_media":16994,"template":"","meta":{"_acf_changed":false},"product_brand":[],"product_cat":[103],"product_tag":[],"class_list":{"0":"post-16992","1":"product","2":"type-product","3":"status-publish","4":"has-post-thumbnail","6":"product_cat-archief","7":"product_shipping_class-koerier","9":"first","10":"outofstock","11":"shipping-taxable","12":"purchasable","13":"product-type-simple"},"composite_virtual":false,"composite_layout":"","composite_add_to_cart_form_location":"","composite_editable_in_cart":false,"composite_sold_individually_context":"","composite_shop_price_calc":"","composite_components":[],"composite_scenarios":[],"exclude_global_add_ons":[],"addons":[],"acf":[],"yoast_head":null,"yoast_head_json":null,"_links":{"self":[{"href":"https:\/\/www.charmig.nl\/fr\/wp-json\/wp\/v2\/product\/16992","targetHints":{"allow":["GET"]}}],"collection":[{"href":"https:\/\/www.charmig.nl\/fr\/wp-json\/wp\/v2\/product"}],"about":[{"href":"https:\/\/www.charmig.nl\/fr\/wp-json\/wp\/v2\/types\/product"}],"wp:featuredmedia":[{"embeddable":true,"href":"https:\/\/www.charmig.nl\/fr\/wp-json\/wp\/v2\/media\/16994"}],"wp:attachment":[{"href":"https:\/\/www.charmig.nl\/fr\/wp-json\/wp\/v2\/media?parent=16992"}],"wp:term":[{"taxonomy":"product_brand","embeddable":true,"href":"https:\/\/www.charmig.nl\/fr\/wp-json\/wp\/v2\/product_brand?post=16992"},{"taxonomy":"product_cat","embeddable":true,"href":"https:\/\/www.charmig.nl\/fr\/wp-json\/wp\/v2\/product_cat?post=16992"},{"taxonomy":"product_tag","embeddable":true,"href":"https:\/\/www.charmig.nl\/fr\/wp-json\/wp\/v2\/product_tag?post=16992"}],"curies":[{"name":"wp","href":"https:\/\/api.w.org\/{rel}","templated":true}]}}