{"id":17035,"date":"2024-11-28T17:12:51","date_gmt":"2024-11-28T16:12:51","guid":{"rendered":"https:\/\/www.charmig.nl\/?post_type=product&#038;p=17035"},"modified":"2026-04-23T09:36:28","modified_gmt":"2026-04-23T07:36:28","slug":"vintage-wijnrek-grenen","status":"publish","type":"product","link":"https:\/\/www.charmig.nl\/fr\/product\/archief\/vintage-wijnrek-grenen\/","title":{"rendered":"Porte-bouteilles vintage | Pin"},"content":{"rendered":"","protected":false},"excerpt":{"rendered":"Num\u00e9ro d'article : 211351\r\n\r\nCe casier \u00e0 vin vintage en pin est un meuble attrayant et pratique au charme rustique. Il peut contenir jusqu'\u00e0 100 bouteilles de vin. Le casier \u00e0 vin est fabriqu\u00e9 \u00e0 la main au Danemark.\r\n\r\nP\u00e9riode de conception : 1950-1960\r\nStyle : Vintage, moderne du milieu du si\u00e8cle\r\n\u00c9tat : En bon \u00e9tat\r\nDesigner : Sans marque\r\n\r\nLes dimensions\r\nLargeur : 109 cm\r\nProfondeur : 29 cm\r\nHauteur : 109 cm","protected":false},"featured_media":17037,"template":"","meta":{"_acf_changed":false},"product_brand":[],"product_cat":[103],"product_tag":[],"class_list":{"0":"post-17035","1":"product","2":"type-product","3":"status-publish","4":"has-post-thumbnail","6":"product_cat-archief","7":"product_shipping_class-koerier","9":"first","10":"outofstock","11":"shipping-taxable","12":"product-type-simple"},"composite_virtual":false,"composite_layout":"","composite_add_to_cart_form_location":"","composite_editable_in_cart":false,"composite_sold_individually_context":"","composite_shop_price_calc":"","composite_components":[],"composite_scenarios":[],"exclude_global_add_ons":[],"addons":[],"acf":[],"yoast_head":null,"yoast_head_json":null,"_links":{"self":[{"href":"https:\/\/www.charmig.nl\/fr\/wp-json\/wp\/v2\/product\/17035","targetHints":{"allow":["GET"]}}],"collection":[{"href":"https:\/\/www.charmig.nl\/fr\/wp-json\/wp\/v2\/product"}],"about":[{"href":"https:\/\/www.charmig.nl\/fr\/wp-json\/wp\/v2\/types\/product"}],"wp:featuredmedia":[{"embeddable":true,"href":"https:\/\/www.charmig.nl\/fr\/wp-json\/wp\/v2\/media\/17037"}],"wp:attachment":[{"href":"https:\/\/www.charmig.nl\/fr\/wp-json\/wp\/v2\/media?parent=17035"}],"wp:term":[{"taxonomy":"product_brand","embeddable":true,"href":"https:\/\/www.charmig.nl\/fr\/wp-json\/wp\/v2\/product_brand?post=17035"},{"taxonomy":"product_cat","embeddable":true,"href":"https:\/\/www.charmig.nl\/fr\/wp-json\/wp\/v2\/product_cat?post=17035"},{"taxonomy":"product_tag","embeddable":true,"href":"https:\/\/www.charmig.nl\/fr\/wp-json\/wp\/v2\/product_tag?post=17035"}],"curies":[{"name":"wp","href":"https:\/\/api.w.org\/{rel}","templated":true}]}}